{"id":29705,"date":"2025-01-28T16:03:12","date_gmt":"2025-01-28T14:03:12","guid":{"rendered":"https:\/\/fifaa.ee\/?post_type=product&#038;p=29705"},"modified":"2026-04-01T16:20:33","modified_gmt":"2026-04-01T13:20:33","slug":"rcs-taaskasutatud-plastist-ja-bambusest-3w-juhtmevaba-kolar","status":"publish","type":"product","link":"https:\/\/fifaa.ee\/en\/product\/rcs-taaskasutatud-plastist-ja-bambusest-3w-juhtmevaba-kolar\/","title":{"rendered":"RCS recycled plastic and bamboo 3W wireless speaker"},"content":{"rendered":"<p>3W wireless speaker made of FSC\u00ae 100% bamboo body and RCS (Recycled Claim Standard) certified recycled ABS. Total recycled content: 16% of the total weight of the item. RCS certification ensures a fully certified supply chain of recycled materials. The speaker has an integrated light at the bottom. The speaker is equipped with a 300 mAh battery for up to 3 hours of playtime and BT4.1 for seamless connection and clear sound. Connection range up to 10 meters. Microphone for answering calls. Packed in FSC mix FSC\u00ae box. RCS certified recycled TPE charging cable included. Product and accessories 100% PVC-free.<\/p>","protected":false},"excerpt":{"rendered":"<p>3 W juhtmevaba k\u00f5lar, mis on valmistatud FSC\u00ae 100% bambusest korpusest ja RCS (Recycled Claim Standard) sertifitseeritud taaskasutatud ABS-ist. Kogu taaskasutatud sisaldus: 16% eseme kogukaalust. RCS-sertifikaat tagab taaskasutatud materjalide t\u00e4ielikult sertifitseeritud tarneahela. K\u00f5laril on allosas integreeritud valgusti. K\u00f5lar on varustatud 300 mAh akuga, et tagada kuni 3 tundi esitusaega ning BT4.1 sujuva \u00fchenduse ja selge [&hellip;]<\/p>\n","protected":false},"featured_media":29724,"template":"","meta":{"_acf_changed":false},"product_brand":[],"product_cat":[593,595],"product_tag":[659],"class_list":{"0":"post-29705","1":"product","2":"type-product","3":"status-publish","4":"has-post-thumbnail","6":"product_cat-audio","7":"product_cat-kolarid","8":"product_tag-more-colors","9":"pa_varv-must","10":"pa_varv-valge-new","12":"first","13":"instock","14":"taxable","15":"shipping-taxable","16":"purchasable","17":"product-type-variable","18":"has-default-attributes"},"acf":[],"_links":{"self":[{"href":"https:\/\/fifaa.ee\/en\/wp-json\/wp\/v2\/product\/29705","targetHints":{"allow":["GET"]}}],"collection":[{"href":"https:\/\/fifaa.ee\/en\/wp-json\/wp\/v2\/product"}],"about":[{"href":"https:\/\/fifaa.ee\/en\/wp-json\/wp\/v2\/types\/product"}],"wp:featuredmedia":[{"embeddable":true,"href":"https:\/\/fifaa.ee\/en\/wp-json\/wp\/v2\/media\/29724"}],"wp:attachment":[{"href":"https:\/\/fifaa.ee\/en\/wp-json\/wp\/v2\/media?parent=29705"}],"wp:term":[{"taxonomy":"product_brand","embeddable":true,"href":"https:\/\/fifaa.ee\/en\/wp-json\/wp\/v2\/product_brand?post=29705"},{"taxonomy":"product_cat","embeddable":true,"href":"https:\/\/fifaa.ee\/en\/wp-json\/wp\/v2\/product_cat?post=29705"},{"taxonomy":"product_tag","embeddable":true,"href":"https:\/\/fifaa.ee\/en\/wp-json\/wp\/v2\/product_tag?post=29705"}],"curies":[{"name":"wp","href":"https:\/\/api.w.org\/{rel}","templated":true}]}}