{"id":29706,"date":"2025-01-28T16:03:12","date_gmt":"2025-01-28T14:03:12","guid":{"rendered":"https:\/\/fifaa.ee\/?post_type=product&#038;p=29706"},"modified":"2026-04-01T16:20:54","modified_gmt":"2026-04-01T13:20:54","slug":"oregon-rcs-taaskasutatud-plastikust-ja-korgist-10-w-kolar","status":"publish","type":"product","link":"https:\/\/fifaa.ee\/en\/product\/oregon-rcs-taaskasutatud-plastikust-ja-korgist-10-w-kolar\/","title":{"rendered":"Oregon RCS recycled plastic and cork 10W speaker"},"content":{"rendered":"<p>10W wireless speaker made from FSC\u00ae 100% cork and RCS (Recycled Claim Standard) certified recycled ABS. Total recycled content: 25% of the total weight of the item. RCS certification ensures a fully certified supply chain of recycled materials. The speaker is equipped with a 1200 mAh battery for up to 10 hours of playtime and BT5.3 for seamless connectivity and clear sound. Connection range up to 10 meters. With microphone and reception function for answering calls. Packed in FSC mix FSC\u00ae box. RCS certified recycled TPE charging cable included. Product and accessories 100% PVC-free.<\/p>","protected":false},"excerpt":{"rendered":"<p>10 W juhtmevaba k\u00f5lar, mis on valmistatud FSC\u00ae 100% korgist ja RCS (Recycled Claim Standard) sertifitseeritud taaskasutatud ABS-ist. Taaskasutatud kogusisaldus: 25% eseme kogukaalust. RCS-sertifikaat tagab ringlussev\u00f5etud materjalide t\u00e4ielikult sertifitseeritud tarneahela. K\u00f5lar on varustatud 1200 mAh akuga, et tagada kuni 10 tundi m\u00e4nguaega, ja BT5.3-ga, mis tagab sujuva \u00fchenduse ja selge heli. \u00dchendusulatus kuni 10 meetrit. [&hellip;]<\/p>\n","protected":false},"featured_media":29728,"template":"","meta":{"_acf_changed":false},"product_brand":[],"product_cat":[593,595],"product_tag":[],"class_list":{"0":"post-29706","1":"product","2":"type-product","3":"status-publish","4":"has-post-thumbnail","6":"product_cat-audio","7":"product_cat-kolarid","8":"pa_varv-pruun","10":"first","11":"instock","12":"taxable","13":"shipping-taxable","14":"purchasable","15":"product-type-variable","16":"has-default-attributes"},"acf":[],"_links":{"self":[{"href":"https:\/\/fifaa.ee\/en\/wp-json\/wp\/v2\/product\/29706","targetHints":{"allow":["GET"]}}],"collection":[{"href":"https:\/\/fifaa.ee\/en\/wp-json\/wp\/v2\/product"}],"about":[{"href":"https:\/\/fifaa.ee\/en\/wp-json\/wp\/v2\/types\/product"}],"wp:featuredmedia":[{"embeddable":true,"href":"https:\/\/fifaa.ee\/en\/wp-json\/wp\/v2\/media\/29728"}],"wp:attachment":[{"href":"https:\/\/fifaa.ee\/en\/wp-json\/wp\/v2\/media?parent=29706"}],"wp:term":[{"taxonomy":"product_brand","embeddable":true,"href":"https:\/\/fifaa.ee\/en\/wp-json\/wp\/v2\/product_brand?post=29706"},{"taxonomy":"product_cat","embeddable":true,"href":"https:\/\/fifaa.ee\/en\/wp-json\/wp\/v2\/product_cat?post=29706"},{"taxonomy":"product_tag","embeddable":true,"href":"https:\/\/fifaa.ee\/en\/wp-json\/wp\/v2\/product_tag?post=29706"}],"curies":[{"name":"wp","href":"https:\/\/api.w.org\/{rel}","templated":true}]}}