{"id":29708,"date":"2025-01-28T16:03:12","date_gmt":"2025-01-28T14:03:12","guid":{"rendered":"https:\/\/fifaa.ee\/?post_type=product&#038;p=29708"},"modified":"2026-04-01T16:20:54","modified_gmt":"2026-04-01T13:20:54","slug":"wynn-10w-bambusest-juhtmevaba-kolar","status":"publish","type":"product","link":"https:\/\/fifaa.ee\/en\/product\/wynn-10w-bambusest-juhtmevaba-kolar\/","title":{"rendered":"Wynn 10W bamboo wireless speaker"},"content":{"rendered":"<p>Luxurious 10W speaker with clear sound and strong bass. The outer shell is made of FSC 100% certified bamboo. The plastic parts are made of RCS (Recycled Claim Standard) certified recycled ABS. Total recycled content: 23% of the total weight of the product. RCS certification ensures a fully certified supply chain of recycled materials. The speaker comes with BT 5.1, which ensures easy and smooth operation up to 10 meters away and low power consumption. The 2000 mAh battery allows for up to 6 hours of play and can be fully charged in 3 hours. With reception function and microphone for answering (video) calls. Packed in FSC mix kraft box. Including RCS certified recycled TPE charging cable.<\/p>","protected":false},"excerpt":{"rendered":"<p>Luksuslik 10 W k\u00f5lar selge heli ja tugeva bassiga. V\u00e4liskest on valmistatud FSC 100% sertifitseeritud bambusest. Plastosad on valmistatud RCS (Recycled Claim Standard) sertifitseeritud ringlussev\u00f5etud ABS-ist. Taaskasutatud kogusisaldus: 23% kauba kogukaalust. RCS-sertifikaat tagab taaskasutatud materjalide t\u00e4ielikult sertifitseeritud tarneahela. K\u00f5lariga on kaasas BT 5.1, mis tagab lihtsa ja sujuva t\u00f6\u00f6 kuni 10 meetri kaugusel ning v\u00e4ikese [&hellip;]<\/p>\n","protected":false},"featured_media":29732,"template":"","meta":{"_acf_changed":false},"product_brand":[],"product_cat":[593,595],"product_tag":[],"class_list":{"0":"post-29708","1":"product","2":"type-product","3":"status-publish","4":"has-post-thumbnail","6":"product_cat-audio","7":"product_cat-kolarid","8":"pa_varv-pruun","10":"first","11":"instock","12":"taxable","13":"shipping-taxable","14":"purchasable","15":"product-type-variable","16":"has-default-attributes"},"acf":[],"_links":{"self":[{"href":"https:\/\/fifaa.ee\/en\/wp-json\/wp\/v2\/product\/29708","targetHints":{"allow":["GET"]}}],"collection":[{"href":"https:\/\/fifaa.ee\/en\/wp-json\/wp\/v2\/product"}],"about":[{"href":"https:\/\/fifaa.ee\/en\/wp-json\/wp\/v2\/types\/product"}],"wp:featuredmedia":[{"embeddable":true,"href":"https:\/\/fifaa.ee\/en\/wp-json\/wp\/v2\/media\/29732"}],"wp:attachment":[{"href":"https:\/\/fifaa.ee\/en\/wp-json\/wp\/v2\/media?parent=29708"}],"wp:term":[{"taxonomy":"product_brand","embeddable":true,"href":"https:\/\/fifaa.ee\/en\/wp-json\/wp\/v2\/product_brand?post=29708"},{"taxonomy":"product_cat","embeddable":true,"href":"https:\/\/fifaa.ee\/en\/wp-json\/wp\/v2\/product_cat?post=29708"},{"taxonomy":"product_tag","embeddable":true,"href":"https:\/\/fifaa.ee\/en\/wp-json\/wp\/v2\/product_tag?post=29708"}],"curies":[{"name":"wp","href":"https:\/\/api.w.org\/{rel}","templated":true}]}}