{"id":29710,"date":"2025-01-28T16:03:12","date_gmt":"2025-01-28T14:03:12","guid":{"rendered":"https:\/\/fifaa.ee\/?post_type=product&#038;p=29710"},"modified":"2026-04-01T16:20:54","modified_gmt":"2026-04-01T13:20:54","slug":"rcs-standardsed-taaskasutatud-plastikust-korvaklapid","status":"publish","type":"product","link":"https:\/\/fifaa.ee\/en\/product\/rcs-standardsed-taaskasutatud-plastikust-korvaklapid\/","title":{"rendered":"RCS standard recycled plastic headphone"},"content":{"rendered":"<p>Foldable wireless headphones with a casing made of RCS-certified recycled ABS plastic. RCS (Recycled Claim Standard) is a standard for verifying the recycled content of a product throughout the supply chain. Total recycled content: 65% of the total weight of the item. The wireless headphones use BT 5.0 to ensure a super-smooth connection and long-lasting playtime. The design of the headphones allows for a perfect sound experience. The built-in 200 mAh rechargeable battery allows for up to 6 hours of playtime and can be fully charged in 1.5 hours. Operating distance up to 10 meters. With microphone and pick-up function. The product and accessories are PVC-free. Including a charging cable made of PVC-free recycled TPE material.<\/p>","protected":false},"excerpt":{"rendered":"<p>Kokkupandavad juhtmevabad k\u00f5rvaklapid, mille \u00fcmbris on valmistatud RCS-sertifikaadiga taaskasutatud ABS-plastikust. RCS (Recycled Claim Standard) on standard toote ringlussev\u00f5etud sisu kontrollimiseks kogu tarneahelas. Taaskasutatud kogusisaldus: 65% eseme kogukaalust. Juhtmeta k\u00f5rvaklapid kasutavad BT 5.0, et tagada \u00fclisujuv \u00fchendus ja kauakestev esitusaeg. K\u00f5rvaklappide disain v\u00f5imaldab t\u00e4iuslikku helielamust. Sisseehitatud 200 mAh liitumaku v\u00f5imaldab m\u00e4ngida kuni 6 tundi ja seda [&hellip;]<\/p>\n","protected":false},"featured_media":29736,"template":"","meta":{"_acf_changed":false},"product_brand":[],"product_cat":[593,594],"product_tag":[],"class_list":{"0":"post-29710","1":"product","2":"type-product","3":"status-publish","4":"has-post-thumbnail","6":"product_cat-audio","7":"product_cat-korvaklapid","8":"pa_varv-must","10":"first","11":"instock","12":"taxable","13":"shipping-taxable","14":"purchasable","15":"product-type-variable","16":"has-default-attributes"},"acf":[],"_links":{"self":[{"href":"https:\/\/fifaa.ee\/en\/wp-json\/wp\/v2\/product\/29710","targetHints":{"allow":["GET"]}}],"collection":[{"href":"https:\/\/fifaa.ee\/en\/wp-json\/wp\/v2\/product"}],"about":[{"href":"https:\/\/fifaa.ee\/en\/wp-json\/wp\/v2\/types\/product"}],"wp:featuredmedia":[{"embeddable":true,"href":"https:\/\/fifaa.ee\/en\/wp-json\/wp\/v2\/media\/29736"}],"wp:attachment":[{"href":"https:\/\/fifaa.ee\/en\/wp-json\/wp\/v2\/media?parent=29710"}],"wp:term":[{"taxonomy":"product_brand","embeddable":true,"href":"https:\/\/fifaa.ee\/en\/wp-json\/wp\/v2\/product_brand?post=29710"},{"taxonomy":"product_cat","embeddable":true,"href":"https:\/\/fifaa.ee\/en\/wp-json\/wp\/v2\/product_cat?post=29710"},{"taxonomy":"product_tag","embeddable":true,"href":"https:\/\/fifaa.ee\/en\/wp-json\/wp\/v2\/product_tag?post=29710"}],"curies":[{"name":"wp","href":"https:\/\/api.w.org\/{rel}","templated":true}]}}