{"id":29712,"date":"2025-01-28T16:03:12","date_gmt":"2025-01-28T14:03:12","guid":{"rendered":"https:\/\/fifaa.ee\/?post_type=product&#038;p=29712"},"modified":"2026-04-01T16:21:21","modified_gmt":"2026-04-01T13:21:21","slug":"rcs-ja-bambusest-elite-kokkupandavad-juhtmevabad-korvaklapid","status":"publish","type":"product","link":"https:\/\/fifaa.ee\/en\/product\/rcs-ja-bambusest-elite-kokkupandavad-juhtmevabad-korvaklapid\/","title":{"rendered":"RCS and bamboo Elite Foldable wireless headphone"},"content":{"rendered":"<p>Comfortable and durable wireless headphones that use BT5.1 for super smooth connection and long-lasting playtime. Made from RCS (Recycled Claim Standard) certified recycled materials. FSC\u00ae 100% bamboo design details on the ear cushions. Total recycled content: 66% of the total weight of the product. RCS certification ensures a fully certified supply chain of recycled materials. The design of the headphones allows for a perfect sound experience. Foldable design for easy storage. Built-in 200 mAh rechargeable battery that allows up to 5 hours of playtime and can be fully charged in 2 hours. Operating distance up to 10 meters. Includes microphone for answering phone calls. Includes RCS certified recycled TPE charging cable. Packed in FSC\u00ae mixed packaging.<\/p>","protected":false},"excerpt":{"rendered":"<p>Mugavad ja vastupidavad juhtmevabad k\u00f5rvaklapid, mis kasutavad BT5.1 \u00fclisujuvaks \u00fchenduseks ja kauakestvaks m\u00e4nguajaks. Valmistatud RCS (Recycled Claim Standard) sertifitseeritud taaskasutatud materjalidest. FSC\u00ae 100% bambusest disaindetailid k\u00f5rvapatjadel. Taaskasutatud kogusisaldus: 66% kauba kogukaalust. RCS-sertifikaat tagab taaskasutatud materjalide t\u00e4ielikult sertifitseeritud tarneahela. K\u00f5rvaklappide disain v\u00f5imaldab t\u00e4iuslikku helielamust. Kokkupandav disain lihtsaks hoiustamiseks. Sisseehitatud 200 mah liitumaku, mis v\u00f5imaldab m\u00e4ngida kuni [&hellip;]<\/p>\n","protected":false},"featured_media":29742,"template":"","meta":{"_acf_changed":false},"product_brand":[],"product_cat":[593,594],"product_tag":[],"class_list":{"0":"post-29712","1":"product","2":"type-product","3":"status-publish","4":"has-post-thumbnail","6":"product_cat-audio","7":"product_cat-korvaklapid","8":"pa_varv-must","10":"first","11":"instock","12":"taxable","13":"shipping-taxable","14":"purchasable","15":"product-type-variable","16":"has-default-attributes"},"acf":[],"_links":{"self":[{"href":"https:\/\/fifaa.ee\/en\/wp-json\/wp\/v2\/product\/29712","targetHints":{"allow":["GET"]}}],"collection":[{"href":"https:\/\/fifaa.ee\/en\/wp-json\/wp\/v2\/product"}],"about":[{"href":"https:\/\/fifaa.ee\/en\/wp-json\/wp\/v2\/types\/product"}],"wp:featuredmedia":[{"embeddable":true,"href":"https:\/\/fifaa.ee\/en\/wp-json\/wp\/v2\/media\/29742"}],"wp:attachment":[{"href":"https:\/\/fifaa.ee\/en\/wp-json\/wp\/v2\/media?parent=29712"}],"wp:term":[{"taxonomy":"product_brand","embeddable":true,"href":"https:\/\/fifaa.ee\/en\/wp-json\/wp\/v2\/product_brand?post=29712"},{"taxonomy":"product_cat","embeddable":true,"href":"https:\/\/fifaa.ee\/en\/wp-json\/wp\/v2\/product_cat?post=29712"},{"taxonomy":"product_tag","embeddable":true,"href":"https:\/\/fifaa.ee\/en\/wp-json\/wp\/v2\/product_tag?post=29712"}],"curies":[{"name":"wp","href":"https:\/\/api.w.org\/{rel}","templated":true}]}}