{"id":29749,"date":"2025-01-28T16:03:35","date_gmt":"2025-01-28T14:03:35","guid":{"rendered":"https:\/\/fifaa.ee\/?post_type=product&#038;p=29749"},"modified":"2026-04-01T16:21:50","modified_gmt":"2026-04-01T13:21:50","slug":"urban-vitamin-byron-enc-korvaklapid","status":"publish","type":"product","link":"https:\/\/fifaa.ee\/en\/product\/urban-vitamin-byron-enc-korvaklapid\/","title":{"rendered":"Urban Vitamin Byron ENC earbuds"},"content":{"rendered":"<p>Go truly wireless with these compact yet powerful headphones. The headphones feature a low latency gaming mode (65ms) to minimize audio lag between screen and sound when playing games. Thanks to Environmental Noise Cancellation (ENC), your phone calls are crystal clear, filtering out ambient noise during a call. No more questions about repeating what you just said. Thanks to the touch control feature, all you have to do is touch the earbud to answer. The comfortable headphones have up to 5 hours of listening time, and the pocket-sized charging case allows for up to 18 hours of playback. The IPX 4 rating makes the headphones weather and sweat resistant, so there&#039;s no need to take them outside. Urban Vitamin products are made without PVC and packaged in reduced plastic packaging.<\/p>","protected":false},"excerpt":{"rendered":"<p>Kasutage nende kompaktsete, kuid v\u00f5imsate k\u00f5rvaklappidega t\u00f5eliselt juhtmevabalt. K\u00f5rvaklappidel on v\u00e4ikese latentsusega m\u00e4ngure\u017eiim (65 MS), et minimeerida heli viivitust ekraani ja heli vahel m\u00e4ngude m\u00e4ngimisel. T\u00e4nu keskkonnam\u00fcra summutamisele (ENC) on teie telefonik\u00f5ned kristallselged, filtreerides k\u00f5ne ajal \u00fcmbritsevast m\u00fcrast eemale. Enam pole k\u00fcsimusi, et korrata seda, mida just \u00fctlesite. T\u00e4nu puutetundliku juhtimise funktsioonile peate vastamiseks vaid [&hellip;]<\/p>\n","protected":false},"featured_media":29771,"template":"","meta":{"_acf_changed":false},"product_brand":[],"product_cat":[593,596],"product_tag":[659],"class_list":{"0":"post-29749","1":"product","2":"type-product","3":"status-publish","4":"has-post-thumbnail","6":"product_cat-audio","7":"product_cat-juhtmevabad-korvaklapid","8":"product_tag-more-colors","9":"pa_varv-must","10":"pa_varv-sinine","11":"pa_varv-valge-new","13":"first","14":"instock","15":"taxable","16":"shipping-taxable","17":"purchasable","18":"product-type-variable","19":"has-default-attributes"},"acf":[],"_links":{"self":[{"href":"https:\/\/fifaa.ee\/en\/wp-json\/wp\/v2\/product\/29749","targetHints":{"allow":["GET"]}}],"collection":[{"href":"https:\/\/fifaa.ee\/en\/wp-json\/wp\/v2\/product"}],"about":[{"href":"https:\/\/fifaa.ee\/en\/wp-json\/wp\/v2\/types\/product"}],"wp:featuredmedia":[{"embeddable":true,"href":"https:\/\/fifaa.ee\/en\/wp-json\/wp\/v2\/media\/29771"}],"wp:attachment":[{"href":"https:\/\/fifaa.ee\/en\/wp-json\/wp\/v2\/media?parent=29749"}],"wp:term":[{"taxonomy":"product_brand","embeddable":true,"href":"https:\/\/fifaa.ee\/en\/wp-json\/wp\/v2\/product_brand?post=29749"},{"taxonomy":"product_cat","embeddable":true,"href":"https:\/\/fifaa.ee\/en\/wp-json\/wp\/v2\/product_cat?post=29749"},{"taxonomy":"product_tag","embeddable":true,"href":"https:\/\/fifaa.ee\/en\/wp-json\/wp\/v2\/product_tag?post=29749"}],"curies":[{"name":"wp","href":"https:\/\/api.w.org\/{rel}","templated":true}]}}