{"id":29752,"date":"2025-01-28T16:03:35","date_gmt":"2025-01-28T14:03:35","guid":{"rendered":"https:\/\/fifaa.ee\/?post_type=product&#038;p=29752"},"modified":"2026-04-01T16:21:50","modified_gmt":"2026-04-01T13:21:50","slug":"urban-vitamin-belmont-juhtmeta-korvaklapid","status":"publish","type":"product","link":"https:\/\/fifaa.ee\/en\/product\/urban-vitamin-belmont-juhtmeta-korvaklapid\/","title":{"rendered":"Urban Vitamin Belmont wireless headphone"},"content":{"rendered":"<p>Bass, you don&#039;t just hear it, you feel it. For an extra boost, press the bass button on the side of the headphones. Lose yourself in rich, clear sound. These are the best all-day headphones with an impressive 35 hours of playtime. The sleek, streamlined over-ear design makes these headphones ideal for all-day wear. Fold the headphones into a portable size to take with you in your bag or even your jacket pocket. When someone calls, you simply answer them with the integrated microphone. Urban Vitamin products are made without PVC and packaged in reduced plastic packaging.<\/p>","protected":false},"excerpt":{"rendered":"<p>Bass, sa mitte ainult ei kuule, vaid tunned seda. T\u00e4iendava t\u00f5uke saamiseks vajutage k\u00f5rvaklappide k\u00fcljel olevat bassi nuppu. Kaotage end rikkaliku ja selge heliga. Need on parimad kogu p\u00e4eva k\u00f5rvaklapid muljetavaldava 35-tunnise m\u00e4nguajaga. Stiilne ja voolujooneline k\u00f5rvapealne disain muudab selle k\u00f5rvaklapi ideaalseks kandmiseks kogu p\u00e4eva. Voldi k\u00f5rvaklapid kaasaskantavasse suurusse, et v\u00f5tta see kotis v\u00f5i isegi [&hellip;]<\/p>\n","protected":false},"featured_media":29783,"template":"","meta":{"_acf_changed":false},"product_brand":[],"product_cat":[593,594],"product_tag":[659],"class_list":{"0":"post-29752","1":"product","2":"type-product","3":"status-publish","4":"has-post-thumbnail","6":"product_cat-audio","7":"product_cat-korvaklapid","8":"product_tag-more-colors","9":"pa_varv-must","10":"pa_varv-sinine","11":"pa_varv-valge-new","13":"first","14":"instock","15":"taxable","16":"shipping-taxable","17":"purchasable","18":"product-type-variable","19":"has-default-attributes"},"acf":[],"_links":{"self":[{"href":"https:\/\/fifaa.ee\/en\/wp-json\/wp\/v2\/product\/29752","targetHints":{"allow":["GET"]}}],"collection":[{"href":"https:\/\/fifaa.ee\/en\/wp-json\/wp\/v2\/product"}],"about":[{"href":"https:\/\/fifaa.ee\/en\/wp-json\/wp\/v2\/types\/product"}],"wp:featuredmedia":[{"embeddable":true,"href":"https:\/\/fifaa.ee\/en\/wp-json\/wp\/v2\/media\/29783"}],"wp:attachment":[{"href":"https:\/\/fifaa.ee\/en\/wp-json\/wp\/v2\/media?parent=29752"}],"wp:term":[{"taxonomy":"product_brand","embeddable":true,"href":"https:\/\/fifaa.ee\/en\/wp-json\/wp\/v2\/product_brand?post=29752"},{"taxonomy":"product_cat","embeddable":true,"href":"https:\/\/fifaa.ee\/en\/wp-json\/wp\/v2\/product_cat?post=29752"},{"taxonomy":"product_tag","embeddable":true,"href":"https:\/\/fifaa.ee\/en\/wp-json\/wp\/v2\/product_tag?post=29752"}],"curies":[{"name":"wp","href":"https:\/\/api.w.org\/{rel}","templated":true}]}}