{"id":29754,"date":"2025-01-28T16:03:35","date_gmt":"2025-01-28T14:03:35","guid":{"rendered":"https:\/\/fifaa.ee\/?post_type=product&#038;p=29754"},"modified":"2026-04-01T16:22:10","modified_gmt":"2026-04-01T13:22:10","slug":"rcs-taaskasutatud-plastist-soundboomi-veekindel-6w-kolar","status":"publish","type":"product","link":"https:\/\/fifaa.ee\/en\/product\/rcs-taaskasutatud-plastist-soundboomi-veekindel-6w-kolar\/","title":{"rendered":"RCS recycled plastic Soundboom waterproof 6W speaker"},"content":{"rendered":"<p>Powerful 6W wireless speaker made with RCS (Recycled Claim Standard) certified recycled ABS and PET. Total recycled content: 35% of the total weight of the item. RCS certification ensures a fully certified supply chain of recycled materials. The speaker is IPX 4 waterproof, so it is perfect for outdoor activities such as picnics, barbecues, the beach or even a pool party. The speaker is equipped with a 1200mAh battery for up to 6 hours of playtime and BT 5.0 for seamless connection and clear sound. Connection range up to 10 meters. With microphone and pick-up function. Packed in FSC mix kraft box. RCS certified recycled TPE charging cable included.<\/p>","protected":false},"excerpt":{"rendered":"<p>V\u00f5imas 6 W juhtmevaba k\u00f5lar, mis on valmistatud RCS-i (Recycled Claim Standard) sertifitseeritud ringlussev\u00f5etud ABS-i ja PET-iga. Taaskasutatud kogusisaldus: 35% eseme kogukaalust. RCS-sertifikaat tagab taaskasutatud materjalide t\u00e4ielikult sertifitseeritud tarneahela. K\u00f5lar on IPX 4 veekindel, seega sobib suurep\u00e4raselt v\u00e4litegevusteks, nagu piknik, grillimine, rand v\u00f5i isegi basseinipidu. K\u00f5lar on varustatud 1200 mAh akuga, et tagada kuni 6 [&hellip;]<\/p>\n","protected":false},"featured_media":29791,"template":"","meta":{"_acf_changed":false},"product_brand":[],"product_cat":[593,595],"product_tag":[],"class_list":{"0":"post-29754","1":"product","2":"type-product","3":"status-publish","4":"has-post-thumbnail","6":"product_cat-audio","7":"product_cat-kolarid","8":"pa_varv-must","10":"first","11":"instock","12":"taxable","13":"shipping-taxable","14":"purchasable","15":"product-type-variable","16":"has-default-attributes"},"acf":[],"_links":{"self":[{"href":"https:\/\/fifaa.ee\/en\/wp-json\/wp\/v2\/product\/29754","targetHints":{"allow":["GET"]}}],"collection":[{"href":"https:\/\/fifaa.ee\/en\/wp-json\/wp\/v2\/product"}],"about":[{"href":"https:\/\/fifaa.ee\/en\/wp-json\/wp\/v2\/types\/product"}],"wp:featuredmedia":[{"embeddable":true,"href":"https:\/\/fifaa.ee\/en\/wp-json\/wp\/v2\/media\/29791"}],"wp:attachment":[{"href":"https:\/\/fifaa.ee\/en\/wp-json\/wp\/v2\/media?parent=29754"}],"wp:term":[{"taxonomy":"product_brand","embeddable":true,"href":"https:\/\/fifaa.ee\/en\/wp-json\/wp\/v2\/product_brand?post=29754"},{"taxonomy":"product_cat","embeddable":true,"href":"https:\/\/fifaa.ee\/en\/wp-json\/wp\/v2\/product_cat?post=29754"},{"taxonomy":"product_tag","embeddable":true,"href":"https:\/\/fifaa.ee\/en\/wp-json\/wp\/v2\/product_tag?post=29754"}],"curies":[{"name":"wp","href":"https:\/\/api.w.org\/{rel}","templated":true}]}}