{"id":29755,"date":"2025-01-28T16:03:35","date_gmt":"2025-01-28T14:03:35","guid":{"rendered":"https:\/\/fifaa.ee\/?post_type=product&#038;p=29755"},"modified":"2026-04-01T16:22:10","modified_gmt":"2026-04-01T13:22:10","slug":"rcs-taaskasutatud-plastikust-jam-juhtmevaba-korvaklapid","status":"publish","type":"product","link":"https:\/\/fifaa.ee\/en\/product\/rcs-taaskasutatud-plastikust-jam-juhtmevaba-korvaklapid\/","title":{"rendered":"RCS recycled plastic JAM wireless headphone"},"content":{"rendered":"<p>Comfortable wireless headphones that use BT5.1 for super smooth connection and long-lasting playtime. Made from RCS (Recycled Claim Standard) certified recycled ABS. Total recycled content: 73% of the total weight of the item. RCS certification ensures a fully certified supply chain of recycled materials. The design of the headphones allows for a perfect audio experience. Built-in 200 mAh lithium battery, which allows up to 5 hours of playtime and can be fully charged in 1.5 hours. Operating distance up to 10 meters. Includes microphone for answering phone calls. Includes GRS certified recycled TPE charging cable. Packed in FSC\u00ae mixed packaging. Product and accessories 100% PVC-free.<\/p>","protected":false},"excerpt":{"rendered":"<p>Mugavad juhtmevabad k\u00f5rvaklapid, mis kasutavad BT5.1 \u00fclisujuvaks \u00fchenduseks ja kauakestvaks m\u00e4nguajaks. Valmistatud RCS (Recycled Claim Standard) sertifitseeritud ringlussev\u00f5etud ABS-st. Taaskasutatud kogusisaldus: 73% eseme kogukaalust. RCS-sertifikaat tagab taaskasutatud materjalide t\u00e4ielikult sertifitseeritud tarneahela. K\u00f5rvaklappide disain v\u00f5imaldab t\u00e4iuslikku helielamust. Sisseehitatud 200 mah liitiumaku, mis v\u00f5imaldab m\u00e4ngida kuni 5 tundi ja mida saab t\u00e4ielikult laadida 1,5 tunniga. T\u00f6\u00f6kaugus kuni [&hellip;]<\/p>\n","protected":false},"featured_media":29793,"template":"","meta":{"_acf_changed":false},"product_brand":[],"product_cat":[593,594],"product_tag":[],"class_list":{"0":"post-29755","1":"product","2":"type-product","3":"status-publish","4":"has-post-thumbnail","6":"product_cat-audio","7":"product_cat-korvaklapid","8":"pa_varv-must","10":"first","11":"instock","12":"taxable","13":"shipping-taxable","14":"purchasable","15":"product-type-variable","16":"has-default-attributes"},"acf":[],"_links":{"self":[{"href":"https:\/\/fifaa.ee\/en\/wp-json\/wp\/v2\/product\/29755","targetHints":{"allow":["GET"]}}],"collection":[{"href":"https:\/\/fifaa.ee\/en\/wp-json\/wp\/v2\/product"}],"about":[{"href":"https:\/\/fifaa.ee\/en\/wp-json\/wp\/v2\/types\/product"}],"wp:featuredmedia":[{"embeddable":true,"href":"https:\/\/fifaa.ee\/en\/wp-json\/wp\/v2\/media\/29793"}],"wp:attachment":[{"href":"https:\/\/fifaa.ee\/en\/wp-json\/wp\/v2\/media?parent=29755"}],"wp:term":[{"taxonomy":"product_brand","embeddable":true,"href":"https:\/\/fifaa.ee\/en\/wp-json\/wp\/v2\/product_brand?post=29755"},{"taxonomy":"product_cat","embeddable":true,"href":"https:\/\/fifaa.ee\/en\/wp-json\/wp\/v2\/product_cat?post=29755"},{"taxonomy":"product_tag","embeddable":true,"href":"https:\/\/fifaa.ee\/en\/wp-json\/wp\/v2\/product_tag?post=29755"}],"curies":[{"name":"wp","href":"https:\/\/api.w.org\/{rel}","templated":true}]}}