{"id":29795,"date":"2025-01-28T16:03:54","date_gmt":"2025-01-28T14:03:54","guid":{"rendered":"https:\/\/fifaa.ee\/?post_type=product&#038;p=29795"},"modified":"2026-04-01T16:22:33","modified_gmt":"2026-04-01T13:22:33","slug":"urban-vitamin-palm-springsi-rcs-rplastist-enc-korvaklapid","status":"publish","type":"product","link":"https:\/\/fifaa.ee\/en\/product\/urban-vitamin-palm-springsi-rcs-rplastist-enc-korvaklapid\/","title":{"rendered":"Urban Vitamin Palm Springs RCS rplastic ENC earbuds"},"content":{"rendered":"<p>When you open the case and put the headphones in, the sound hits you. The headphones and the portable charging case are designed to be carried wherever you go and fit easily in your pocket. The comfortable headphones have up to 6 hours of listening time and the charging case allows for up to 20 hours of playback. Enough to last you all day! When you receive a call, simply answer it in stereo sound thanks to the integrated ENC microphone for perfect call quality. The IPX 4 rating makes the headphones weatherproof, so there&#039;s no need to take them outside. The headphones and charging case are made from RCS (Recycled Claim Standard) certified recycled ABS. Total recycled content: 55% of the total product weight. RCS certification ensures a fully certified supply chain of recycled materials. Urban Vitamin products are made without PVC and packaged in reduced plastic packaging.<\/p>","protected":false},"excerpt":{"rendered":"<p>Kui avate \u00fcmbrise ja paned k\u00f5rvaklapid sisse, tabab heli teid. K\u00f5rvaklapid ja kaasaskantav laadimis\u00fcmbris on loodud nii, et neid saaks kaasas kanda \u00fcksk\u00f5ik kuhu l\u00e4hete ja mahuvad h\u00f5lpsalt taskusse. Mugavatel k\u00f5rvaklappidel on kuni 6 tundi kuulamisaega ja laadimis\u00fcmbris v\u00f5imaldab kuni 20 tundi taasesitust. Piisab, et hoida teid terve p\u00e4eva! K\u00f5ne vastuv\u00f5tmisel vastake sellele lihtsalt stereoheliga [&hellip;]<\/p>\n","protected":false},"featured_media":29808,"template":"","meta":{"_acf_changed":false},"product_brand":[],"product_cat":[593,596],"product_tag":[659],"class_list":{"0":"post-29795","1":"product","2":"type-product","3":"status-publish","4":"has-post-thumbnail","6":"product_cat-audio","7":"product_cat-juhtmevabad-korvaklapid","8":"product_tag-more-colors","9":"pa_varv-must","10":"pa_varv-sinine","11":"pa_varv-valge-new","13":"first","14":"instock","15":"taxable","16":"shipping-taxable","17":"purchasable","18":"product-type-variable","19":"has-default-attributes"},"acf":[],"_links":{"self":[{"href":"https:\/\/fifaa.ee\/en\/wp-json\/wp\/v2\/product\/29795","targetHints":{"allow":["GET"]}}],"collection":[{"href":"https:\/\/fifaa.ee\/en\/wp-json\/wp\/v2\/product"}],"about":[{"href":"https:\/\/fifaa.ee\/en\/wp-json\/wp\/v2\/types\/product"}],"wp:featuredmedia":[{"embeddable":true,"href":"https:\/\/fifaa.ee\/en\/wp-json\/wp\/v2\/media\/29808"}],"wp:attachment":[{"href":"https:\/\/fifaa.ee\/en\/wp-json\/wp\/v2\/media?parent=29795"}],"wp:term":[{"taxonomy":"product_brand","embeddable":true,"href":"https:\/\/fifaa.ee\/en\/wp-json\/wp\/v2\/product_brand?post=29795"},{"taxonomy":"product_cat","embeddable":true,"href":"https:\/\/fifaa.ee\/en\/wp-json\/wp\/v2\/product_cat?post=29795"},{"taxonomy":"product_tag","embeddable":true,"href":"https:\/\/fifaa.ee\/en\/wp-json\/wp\/v2\/product_tag?post=29795"}],"curies":[{"name":"wp","href":"https:\/\/api.w.org\/{rel}","templated":true}]}}