{"id":29797,"date":"2025-01-28T16:03:54","date_gmt":"2025-01-28T14:03:54","guid":{"rendered":"https:\/\/fifaa.ee\/?post_type=product&#038;p=29797"},"modified":"2026-04-01T16:22:33","modified_gmt":"2026-04-01T13:22:33","slug":"rcs-taaskasutatud-plastist-swiss-peak-tws-korvaklapid-2-0","status":"publish","type":"product","link":"https:\/\/fifaa.ee\/en\/product\/rcs-taaskasutatud-plastist-swiss-peak-tws-korvaklapid-2-0\/","title":{"rendered":"RCS recycled plastic Swiss Peak TWS earbuds 2.0"},"content":{"rendered":"<p>The next generation of true wireless earbuds. The earbuds and charging case are made from RCS (Recycled Claim Standard) certified recycled ABS. Total recycled content: 59% of the total weight of the item. RCS certification ensures a fully certified supply chain of recycled materials. The earbuds come in a compact 400 mAh charging case, allowing you to charge and take the earbuds with you wherever you go. The earbuds use BT 5.3 for hassle-free auto-pairing and stable connection. The earbuds have a 40 mAh battery that allows for up to 4 hours of playtime and can be recharged in the charging case in 1.5 hours. Wireless connection distance is up to 10 meters. Includes a Type-C charging cable made from GRS certified recycled TPE. Packed in an FSC\u00ae mix gift box. Product and accessories 100% PVC-free<\/p>","protected":false},"excerpt":{"rendered":"<p>Uue p\u00f5lvkonna t\u00f5elised juhtmevabad k\u00f5rvaklapid. K\u00f5rvaklapid ja laadimis\u00fcmbris on valmistatud RCS-i (Recycled Claim Standard) sertifitseeritud taaskasutatud ABS-ist. Taaskasutatud kogusisaldus: 59% eseme kogukaalust. RCS-sertifikaat tagab taaskasutatud materjalide t\u00e4ielikult sertifitseeritud tarneahela. K\u00f5rvaklapid on kompaktses 400 mAh laadimis\u00fcmbrises, mis v\u00f5imaldab teil laadida ja kaasa v\u00f5tta k\u00f5rvaklappe k\u00f5ikjale, kuhu l\u00e4hete. K\u00f5rvaklapid kasutavad BT 5.3 automaatseks sidumiseks ilma probleemideta ja [&hellip;]<\/p>\n","protected":false},"featured_media":29816,"template":"","meta":{"_acf_changed":false},"product_brand":[],"product_cat":[593,596],"product_tag":[],"class_list":{"0":"post-29797","1":"product","2":"type-product","3":"status-publish","4":"has-post-thumbnail","6":"product_cat-audio","7":"product_cat-juhtmevabad-korvaklapid","8":"pa_varv-must","10":"first","11":"instock","12":"taxable","13":"shipping-taxable","14":"purchasable","15":"product-type-variable","16":"has-default-attributes"},"acf":[],"_links":{"self":[{"href":"https:\/\/fifaa.ee\/en\/wp-json\/wp\/v2\/product\/29797","targetHints":{"allow":["GET"]}}],"collection":[{"href":"https:\/\/fifaa.ee\/en\/wp-json\/wp\/v2\/product"}],"about":[{"href":"https:\/\/fifaa.ee\/en\/wp-json\/wp\/v2\/types\/product"}],"wp:featuredmedia":[{"embeddable":true,"href":"https:\/\/fifaa.ee\/en\/wp-json\/wp\/v2\/media\/29816"}],"wp:attachment":[{"href":"https:\/\/fifaa.ee\/en\/wp-json\/wp\/v2\/media?parent=29797"}],"wp:term":[{"taxonomy":"product_brand","embeddable":true,"href":"https:\/\/fifaa.ee\/en\/wp-json\/wp\/v2\/product_brand?post=29797"},{"taxonomy":"product_cat","embeddable":true,"href":"https:\/\/fifaa.ee\/en\/wp-json\/wp\/v2\/product_cat?post=29797"},{"taxonomy":"product_tag","embeddable":true,"href":"https:\/\/fifaa.ee\/en\/wp-json\/wp\/v2\/product_tag?post=29797"}],"curies":[{"name":"wp","href":"https:\/\/api.w.org\/{rel}","templated":true}]}}