{"id":29799,"date":"2025-01-28T16:03:54","date_gmt":"2025-01-28T14:03:54","guid":{"rendered":"https:\/\/fifaa.ee\/?post_type=product&#038;p=29799"},"modified":"2026-04-01T16:22:33","modified_gmt":"2026-04-01T13:22:33","slug":"rcs-taaskasutatud-plastikust-ja-bambusest-tws-korvaklapid","status":"publish","type":"product","link":"https:\/\/fifaa.ee\/en\/product\/rcs-taaskasutatud-plastikust-ja-bambusest-tws-korvaklapid\/","title":{"rendered":"RCS recycled plastic &amp; bamboo TWS earbuds"},"content":{"rendered":"<p>Next generation FSC\u00ae 100% bamboo true wireless earbuds in RCS recycled ABS charging case. The earbuds and charging case are made from RCS (Recycled Claim Standard) certified recycled ABS. Total recycled content: 58% of the total weight of the item. RCS certification ensures a fully certified supply chain of recycled materials. The perfectly fitting earbuds have a 40 mAh battery and can be recharged in the 400 mAh charging case within 1 hour. The auto-pairing feature makes it so easy to pair with your mobile device. Playtime at medium volume approx. 5 hours. With BT 5.3 for optimal connection. Operating distance up to 10 meters. With microphone and earhook. Comes with 3 sizes of silicone ear tips. Includes GRS certified recycled TPE charging cable. Packed in FSC\u00ae mix kraft packaging. Product and accessories 100% PVC-free.<\/p>","protected":false},"excerpt":{"rendered":"<p>J\u00e4rgmise p\u00f5lvkonna FSC\u00ae 100% bambusest t\u00f5elised juhtmevabad k\u00f5rvaklapid RCS-i taaskasutatud ABS-laadimis\u00fcmbrises. K\u00f5rvaklapid ja laadimis\u00fcmbris on valmistatud RCS-i (Recycled Claim Standard) sertifitseeritud taaskasutatud ABS-ist. Taaskasutatud kogusisaldus: 58% eseme kogukaalust. RCS-sertifikaat tagab taaskasutatud materjalide t\u00e4ielikult sertifitseeritud tarneahela. Ideaalselt istuvatel k\u00f5rvaklappidel on 40 mAh aku ja neid saab 400 mAh laadimis\u00fcmbrises uuesti laadida 1 tunni jooksul. Automaatse sidumisfunktsiooniga [&hellip;]<\/p>\n","protected":false},"featured_media":29820,"template":"","meta":{"_acf_changed":false},"product_brand":[],"product_cat":[593,596],"product_tag":[659],"class_list":{"0":"post-29799","1":"product","2":"type-product","3":"status-publish","4":"has-post-thumbnail","6":"product_cat-audio","7":"product_cat-juhtmevabad-korvaklapid","8":"product_tag-more-colors","9":"pa_varv-must","10":"pa_varv-valge-new","12":"first","13":"instock","14":"taxable","15":"shipping-taxable","16":"purchasable","17":"product-type-variable","18":"has-default-attributes"},"acf":[],"_links":{"self":[{"href":"https:\/\/fifaa.ee\/en\/wp-json\/wp\/v2\/product\/29799","targetHints":{"allow":["GET"]}}],"collection":[{"href":"https:\/\/fifaa.ee\/en\/wp-json\/wp\/v2\/product"}],"about":[{"href":"https:\/\/fifaa.ee\/en\/wp-json\/wp\/v2\/types\/product"}],"wp:featuredmedia":[{"embeddable":true,"href":"https:\/\/fifaa.ee\/en\/wp-json\/wp\/v2\/media\/29820"}],"wp:attachment":[{"href":"https:\/\/fifaa.ee\/en\/wp-json\/wp\/v2\/media?parent=29799"}],"wp:term":[{"taxonomy":"product_brand","embeddable":true,"href":"https:\/\/fifaa.ee\/en\/wp-json\/wp\/v2\/product_brand?post=29799"},{"taxonomy":"product_cat","embeddable":true,"href":"https:\/\/fifaa.ee\/en\/wp-json\/wp\/v2\/product_cat?post=29799"},{"taxonomy":"product_tag","embeddable":true,"href":"https:\/\/fifaa.ee\/en\/wp-json\/wp\/v2\/product_tag?post=29799"}],"curies":[{"name":"wp","href":"https:\/\/api.w.org\/{rel}","templated":true}]}}