{"id":29801,"date":"2025-01-28T16:03:55","date_gmt":"2025-01-28T14:03:55","guid":{"rendered":"https:\/\/fifaa.ee\/?post_type=product&#038;p=29801"},"modified":"2026-04-01T16:23:03","modified_gmt":"2026-04-01T13:23:03","slug":"terra-rcs-taaskasutatud-alumiiniumist-juhtmevaba-korvaklapid","status":"publish","type":"product","link":"https:\/\/fifaa.ee\/en\/product\/terra-rcs-taaskasutatud-alumiiniumist-juhtmevaba-korvaklapid\/","title":{"rendered":"Terra RCS recycled aluminum wireless headphone"},"content":{"rendered":"<p>Foldable wireless headphones with powerful bass. Made from RCS (Recycled Claim Standard) certified recycled aluminum and ABS. Total recycled content: 70% of the total weight of the item. RCS certification ensures a fully certified supply chain of recycled materials. Aluminum does not lose its properties during recycling and can be recycled indefinitely. Includes a recycled Type-C charging cable made from RCS certified recycled aluminum, TPE and PET. 600 mAh battery allows for up to 15 hours of playtime and can be fully charged in 2 hours. BT 5.3 for seamless connection up to 10 meters. Packed in FSC\u00ae mixed packaging. Product and accessories 100% PVC free. With MIC for answering calls.<\/p>","protected":false},"excerpt":{"rendered":"<p>Kokkupandavad juhtmevabad k\u00f5rvaklapid ja tugev bass. Valmistatud RCS (Recycled Claim Standard) sertifitseeritud taaskasutatud alumiiniumist ja ABS-ist. Taaskasutatud kogusisaldus: 70% eseme kogukaalust. RCS-sertifikaat tagab taaskasutatud materjalide t\u00e4ielikult sertifitseeritud tarneahela. Alumiinium ei kaota ringlussev\u00f5tu k\u00e4igus oma omadusi ja seda saab ringlusse v\u00f5tta l\u00f5putult. Sisaldab taaskasutatud C-t\u00fc\u00fcpi laadimiskaablit, mis on valmistatud RCS-sertifikaadiga taaskasutatud alumiiniumist, TPE-st ja PET-st. 600 [&hellip;]<\/p>\n","protected":false},"featured_media":29826,"template":"","meta":{"_acf_changed":false},"product_brand":[],"product_cat":[593,594],"product_tag":[],"class_list":{"0":"post-29801","1":"product","2":"type-product","3":"status-publish","4":"has-post-thumbnail","6":"product_cat-audio","7":"product_cat-korvaklapid","8":"pa_varv-hall","10":"first","11":"instock","12":"taxable","13":"shipping-taxable","14":"purchasable","15":"product-type-variable","16":"has-default-attributes"},"acf":[],"_links":{"self":[{"href":"https:\/\/fifaa.ee\/en\/wp-json\/wp\/v2\/product\/29801","targetHints":{"allow":["GET"]}}],"collection":[{"href":"https:\/\/fifaa.ee\/en\/wp-json\/wp\/v2\/product"}],"about":[{"href":"https:\/\/fifaa.ee\/en\/wp-json\/wp\/v2\/types\/product"}],"wp:featuredmedia":[{"embeddable":true,"href":"https:\/\/fifaa.ee\/en\/wp-json\/wp\/v2\/media\/29826"}],"wp:attachment":[{"href":"https:\/\/fifaa.ee\/en\/wp-json\/wp\/v2\/media?parent=29801"}],"wp:term":[{"taxonomy":"product_brand","embeddable":true,"href":"https:\/\/fifaa.ee\/en\/wp-json\/wp\/v2\/product_brand?post=29801"},{"taxonomy":"product_cat","embeddable":true,"href":"https:\/\/fifaa.ee\/en\/wp-json\/wp\/v2\/product_cat?post=29801"},{"taxonomy":"product_tag","embeddable":true,"href":"https:\/\/fifaa.ee\/en\/wp-json\/wp\/v2\/product_tag?post=29801"}],"curies":[{"name":"wp","href":"https:\/\/api.w.org\/{rel}","templated":true}]}}