{"id":29803,"date":"2025-01-28T16:03:55","date_gmt":"2025-01-28T14:03:55","guid":{"rendered":"https:\/\/fifaa.ee\/?post_type=product&#038;p=29803"},"modified":"2026-04-01T16:23:03","modified_gmt":"2026-04-01T13:23:03","slug":"urban-vitamin-berkeley-ipx7-veekindel-10w-kolar","status":"publish","type":"product","link":"https:\/\/fifaa.ee\/en\/product\/urban-vitamin-berkeley-ipx7-veekindel-10w-kolar\/","title":{"rendered":"Urban Vitamin Berkeley IPX7 waterproof 10W speaker"},"content":{"rendered":"<p>Bring your speaker wherever you go. Hanging out at the beach? Perfect! Partying by the pool? Covered! A sudden downpour? No worries! Your speaker is IPX7 waterproof up to 1 meter deep for up to 30 minutes! After a sandy day at the beach, simply rinse it off in the shower. The 10W speaker has massive bass, supported by two subwoofers on either end of the speaker. The powerful sound is enough to keep the party going until sunrise. The durable fabric and sturdy housing ensure that the speaker can handle even a little bump. Enjoy up to 15 hours of playtime! When you get a call, answer it with clear quality with the integrated microphone. Urban Vitamin products are made without PVC and packaged in reduced plastic packaging<\/p>","protected":false},"excerpt":{"rendered":"<p>Too oma k\u00f5lar k\u00f5ikjale, kuhu l\u00e4hed. Rannas h\u00e4ngida? T\u00e4iuslik! Pidu basseinis? Kaetud! \u00c4kiline vihm? Pole muret! Teie k\u00f5lar on IPX7 veekindel kuni 1 meetri s\u00fcgavuselt ja maksimaalselt 30 minutit! P\u00e4rast liivast p\u00e4eva rannas loputage see lihtsalt du\u0161i all maha. 10 W k\u00f5laril on massiivne bass, mida toetavad kaks bassik\u00f5larit k\u00f5lari m\u00f5lemas otsas. V\u00f5imas heli on [&hellip;]<\/p>\n","protected":false},"featured_media":29830,"template":"","meta":{"_acf_changed":false},"product_brand":[],"product_cat":[593,595],"product_tag":[],"class_list":{"0":"post-29803","1":"product","2":"type-product","3":"status-publish","4":"has-post-thumbnail","6":"product_cat-audio","7":"product_cat-kolarid","8":"pa_varv-must","10":"first","11":"instock","12":"taxable","13":"shipping-taxable","14":"purchasable","15":"product-type-variable","16":"has-default-attributes"},"acf":[],"_links":{"self":[{"href":"https:\/\/fifaa.ee\/en\/wp-json\/wp\/v2\/product\/29803","targetHints":{"allow":["GET"]}}],"collection":[{"href":"https:\/\/fifaa.ee\/en\/wp-json\/wp\/v2\/product"}],"about":[{"href":"https:\/\/fifaa.ee\/en\/wp-json\/wp\/v2\/types\/product"}],"wp:featuredmedia":[{"embeddable":true,"href":"https:\/\/fifaa.ee\/en\/wp-json\/wp\/v2\/media\/29830"}],"wp:attachment":[{"href":"https:\/\/fifaa.ee\/en\/wp-json\/wp\/v2\/media?parent=29803"}],"wp:term":[{"taxonomy":"product_brand","embeddable":true,"href":"https:\/\/fifaa.ee\/en\/wp-json\/wp\/v2\/product_brand?post=29803"},{"taxonomy":"product_cat","embeddable":true,"href":"https:\/\/fifaa.ee\/en\/wp-json\/wp\/v2\/product_cat?post=29803"},{"taxonomy":"product_tag","embeddable":true,"href":"https:\/\/fifaa.ee\/en\/wp-json\/wp\/v2\/product_tag?post=29803"}],"curies":[{"name":"wp","href":"https:\/\/api.w.org\/{rel}","templated":true}]}}