{"id":29804,"date":"2025-01-28T16:03:55","date_gmt":"2025-01-28T14:03:55","guid":{"rendered":"https:\/\/fifaa.ee\/?post_type=product&#038;p=29804"},"modified":"2026-04-01T16:23:03","modified_gmt":"2026-04-01T13:23:03","slug":"urban-vitamin-hayward-ipx7-veekindel-5w-kolar","status":"publish","type":"product","link":"https:\/\/fifaa.ee\/en\/product\/urban-vitamin-hayward-ipx7-veekindel-5w-kolar\/","title":{"rendered":"Urban Vitamin Hayward IPX7 waterproof 5W speaker"},"content":{"rendered":"<p>Bring this compact yet powerful speaker wherever you go. Hanging out at the beach? Perfect! Partying by the pool? Covered! A sudden downpour? No worries! Your speaker is IPX7 waterproof up to 1 meter deep for up to 30 minutes! After a sandy day at the beach, simply rinse it off in the shower. The speaker comes with a clip to carry it in a backpack or use as a speaker stand. The impressive battery life lasts up to 24 hours, so be prepared to party all night long. When you get a call, answer it with clear quality with the integrated microphone. Urban Vitamin products are made without PVC and packaged in reduced plastic packaging.<\/p>","protected":false},"excerpt":{"rendered":"<p>Tooge see kompaktne, kuid v\u00f5imas k\u00f5lar k\u00f5ikjale, kuhu l\u00e4hete. Rannas h\u00e4ngida? T\u00e4iuslik! Pidu basseinis? Kaetud! \u00c4kiline vihm? Pole muret! Teie k\u00f5lar on IPX7 veekindel kuni 1 meetri s\u00fcgavuselt ja maksimaalselt 30 minutit! P\u00e4rast liivast p\u00e4eva rannas loputage see lihtsalt du\u0161i all maha. K\u00f5lariga on kaasas pannal, et seda seljakotis kanda v\u00f5i k\u00f5lari alusena kasutada. Muljetavaldav [&hellip;]<\/p>\n","protected":false},"featured_media":29832,"template":"","meta":{"_acf_changed":false},"product_brand":[],"product_cat":[593,595],"product_tag":[],"class_list":{"0":"post-29804","1":"product","2":"type-product","3":"status-publish","4":"has-post-thumbnail","6":"product_cat-audio","7":"product_cat-kolarid","8":"pa_varv-must","10":"first","11":"instock","12":"taxable","13":"shipping-taxable","14":"purchasable","15":"product-type-variable","16":"has-default-attributes"},"acf":[],"_links":{"self":[{"href":"https:\/\/fifaa.ee\/en\/wp-json\/wp\/v2\/product\/29804","targetHints":{"allow":["GET"]}}],"collection":[{"href":"https:\/\/fifaa.ee\/en\/wp-json\/wp\/v2\/product"}],"about":[{"href":"https:\/\/fifaa.ee\/en\/wp-json\/wp\/v2\/types\/product"}],"wp:featuredmedia":[{"embeddable":true,"href":"https:\/\/fifaa.ee\/en\/wp-json\/wp\/v2\/media\/29832"}],"wp:attachment":[{"href":"https:\/\/fifaa.ee\/en\/wp-json\/wp\/v2\/media?parent=29804"}],"wp:term":[{"taxonomy":"product_brand","embeddable":true,"href":"https:\/\/fifaa.ee\/en\/wp-json\/wp\/v2\/product_brand?post=29804"},{"taxonomy":"product_cat","embeddable":true,"href":"https:\/\/fifaa.ee\/en\/wp-json\/wp\/v2\/product_cat?post=29804"},{"taxonomy":"product_tag","embeddable":true,"href":"https:\/\/fifaa.ee\/en\/wp-json\/wp\/v2\/product_tag?post=29804"}],"curies":[{"name":"wp","href":"https:\/\/api.w.org\/{rel}","templated":true}]}}