{"id":29805,"date":"2025-01-28T16:03:55","date_gmt":"2025-01-28T14:03:55","guid":{"rendered":"https:\/\/fifaa.ee\/?post_type=product&#038;p=29805"},"modified":"2026-04-01T16:23:26","modified_gmt":"2026-04-01T13:23:26","slug":"bambusest-tws-korvaklapid-rcs-taaskasutatud-plastiga","status":"publish","type":"product","link":"https:\/\/fifaa.ee\/en\/product\/bambusest-tws-korvaklapid-rcs-taaskasutatud-plastiga\/","title":{"rendered":"Bamboo TWS earbuds with RCS recycled plastic"},"content":{"rendered":"<p>Bamboo true wireless earbuds and case. The earbuds and charging case are made from RCS (Recycled Claim Standard) certified recycled ABS and FSC\u00ae 100% bamboo. Total recycled content: 28% of the total weight of the item. RCS certification ensures a fully certified supply chain of recycled materials. The perfectly fitting earbuds have a 40 mAh battery and can be recharged in the 400 mAh charging case within 1 hour. The automatic pairing function makes it so easy to pair with your mobile device. Playtime at medium volume approx. 14 hours. With BT 5.3 for optimal connection. Operating distance up to 10 meters. With microphone and clip. Includes 3 sizes of silicone ear tips. Includes RCS certified recycled TPE charging cable. Packed in FSC\u00ae mix kraft packaging. Product and accessories 100% PVC-free.<\/p>","protected":false},"excerpt":{"rendered":"<p>Bambusest t\u00f5elised juhtmevabad k\u00f5rvaklapid ja \u00fcmbris. K\u00f5rvaklapid ja laadimis\u00fcmbris on valmistatud RCS (Recycled Claim Standard) sertifitseeritud ringlussev\u00f5etud ABS-ist ja FSC\u00ae 100% bambusest. Taaskasutatud kogusisaldus: 28% kauba kogukaalust. RCS-sertifikaat tagab taaskasutatud materjalide t\u00e4ielikult sertifitseeritud tarneahela. Ideaalselt istuvatel k\u00f5rvaklappidel on 40 mAh aku ja neid saab 400 mAh laadimis\u00fcmbrises uuesti laadida 1 tunni jooksul. Automaatse sidumisfunktsiooniga on [&hellip;]<\/p>\n","protected":false},"featured_media":29834,"template":"","meta":{"_acf_changed":false},"product_brand":[],"product_cat":[593,596],"product_tag":[],"class_list":{"0":"post-29805","1":"product","2":"type-product","3":"status-publish","4":"has-post-thumbnail","6":"product_cat-audio","7":"product_cat-juhtmevabad-korvaklapid","8":"pa_varv-pruun","10":"first","11":"instock","12":"taxable","13":"shipping-taxable","14":"purchasable","15":"product-type-variable","16":"has-default-attributes"},"acf":[],"_links":{"self":[{"href":"https:\/\/fifaa.ee\/en\/wp-json\/wp\/v2\/product\/29805","targetHints":{"allow":["GET"]}}],"collection":[{"href":"https:\/\/fifaa.ee\/en\/wp-json\/wp\/v2\/product"}],"about":[{"href":"https:\/\/fifaa.ee\/en\/wp-json\/wp\/v2\/types\/product"}],"wp:featuredmedia":[{"embeddable":true,"href":"https:\/\/fifaa.ee\/en\/wp-json\/wp\/v2\/media\/29834"}],"wp:attachment":[{"href":"https:\/\/fifaa.ee\/en\/wp-json\/wp\/v2\/media?parent=29805"}],"wp:term":[{"taxonomy":"product_brand","embeddable":true,"href":"https:\/\/fifaa.ee\/en\/wp-json\/wp\/v2\/product_brand?post=29805"},{"taxonomy":"product_cat","embeddable":true,"href":"https:\/\/fifaa.ee\/en\/wp-json\/wp\/v2\/product_cat?post=29805"},{"taxonomy":"product_tag","embeddable":true,"href":"https:\/\/fifaa.ee\/en\/wp-json\/wp\/v2\/product_tag?post=29805"}],"curies":[{"name":"wp","href":"https:\/\/api.w.org\/{rel}","templated":true}]}}