{"id":29807,"date":"2025-01-28T16:03:55","date_gmt":"2025-01-28T14:03:55","guid":{"rendered":"https:\/\/fifaa.ee\/?post_type=product&#038;p=29807"},"modified":"2026-04-01T16:23:26","modified_gmt":"2026-04-01T13:23:26","slug":"korgist-3w-juhtmevaba-kolar","status":"publish","type":"product","link":"https:\/\/fifaa.ee\/en\/product\/korgist-3w-juhtmevaba-kolar\/","title":{"rendered":"Cork 3W wireless speaker"},"content":{"rendered":"<p>3W wireless speaker made of FSC\u00ae 100% cork. The speaker is equipped with a 400mAh battery for up to 3 hours of playtime and BT5.1 for seamless connection and clear sound. The speaker has an integrated light when turned on. Connection range up to 10 meters. With microphone and reception function for answering calls. Packed in FSC mix FSC\u00ae box. RCS-certified recycled TPE charging cable included. Product and accessories 100% PVC-free.<\/p>","protected":false},"excerpt":{"rendered":"<p>3 W juhtmevaba k\u00f5lar, mis on valmistatud FSC\u00ae 100% korgist korpusega. K\u00f5lar on varustatud 400 mAh akuga, et tagada kuni 3 tundi esitusaega ning BT5.1 sujuva \u00fchenduse ja selge heli tagamiseks. K\u00f5laril on sissel\u00fclitamisel integreeritud valgus. \u00dchendusulatus kuni 10 meetrit. K\u00f5nedele vastamiseks mikrofoni ja vastuv\u00f5tmisfunktsiooniga. Pakitud FSC mix FSC\u00ae karpi. Kaasa arvatud RCS-sertifikaadiga taaskasutatud TPE [&hellip;]<\/p>\n","protected":false},"featured_media":29838,"template":"","meta":{"_acf_changed":false},"product_brand":[],"product_cat":[593,595],"product_tag":[],"class_list":{"0":"post-29807","1":"product","2":"type-product","3":"status-publish","4":"has-post-thumbnail","6":"product_cat-audio","7":"product_cat-kolarid","8":"pa_varv-pruun","10":"first","11":"instock","12":"taxable","13":"shipping-taxable","14":"purchasable","15":"product-type-variable","16":"has-default-attributes"},"acf":[],"_links":{"self":[{"href":"https:\/\/fifaa.ee\/en\/wp-json\/wp\/v2\/product\/29807","targetHints":{"allow":["GET"]}}],"collection":[{"href":"https:\/\/fifaa.ee\/en\/wp-json\/wp\/v2\/product"}],"about":[{"href":"https:\/\/fifaa.ee\/en\/wp-json\/wp\/v2\/types\/product"}],"wp:featuredmedia":[{"embeddable":true,"href":"https:\/\/fifaa.ee\/en\/wp-json\/wp\/v2\/media\/29838"}],"wp:attachment":[{"href":"https:\/\/fifaa.ee\/en\/wp-json\/wp\/v2\/media?parent=29807"}],"wp:term":[{"taxonomy":"product_brand","embeddable":true,"href":"https:\/\/fifaa.ee\/en\/wp-json\/wp\/v2\/product_brand?post=29807"},{"taxonomy":"product_cat","embeddable":true,"href":"https:\/\/fifaa.ee\/en\/wp-json\/wp\/v2\/product_cat?post=29807"},{"taxonomy":"product_tag","embeddable":true,"href":"https:\/\/fifaa.ee\/en\/wp-json\/wp\/v2\/product_tag?post=29807"}],"curies":[{"name":"wp","href":"https:\/\/api.w.org\/{rel}","templated":true}]}}