{"id":29842,"date":"2025-01-28T16:04:12","date_gmt":"2025-01-28T14:04:12","guid":{"rendered":"https:\/\/fifaa.ee\/?post_type=product&#038;p=29842"},"modified":"2026-04-01T16:23:26","modified_gmt":"2026-04-01T13:23:26","slug":"rcs-taaskasutatud-plastist-soundbox-3w-kolar","status":"publish","type":"product","link":"https:\/\/fifaa.ee\/en\/product\/rcs-taaskasutatud-plastist-soundbox-3w-kolar\/","title":{"rendered":"RCS recycled plastic Soundbox 3W speaker"},"content":{"rendered":"<p>3W wireless speaker made from RCS (Recycled Claim Standard) certified recycled ABS. Total recycled content: 41% of the total weight of the item. RCS certification ensures a fully certified supply chain of recycled materials. The speaker is equipped with a 400mAh battery for up to 3.5 hours of playtime and BT5.3 for seamless connectivity with clear sound. Connection range up to 10 meters. Microphone for answering calls. Packed in FSC\u00ae mixed box. RCS certified recycled TPE charging cable included. Product and accessories 100% PVC-free. IPX 4 waterproof.<\/p>","protected":false},"excerpt":{"rendered":"<p>3 W juhtmevaba k\u00f5lar, mis on valmistatud RCS (Recycled Claim Standard) sertifitseeritud taaskasutatud ABS-ist. Taaskasutatud kogusisaldus: 41% eseme kogukaalust. RCS-sertifikaat tagab taaskasutatud materjalide t\u00e4ielikult sertifitseeritud tarneahela. K\u00f5lar on varustatud 400 mAh akuga, et tagada kuni 3,5 tundi esitusaega ja BT5.3 sujuvaks \u00fchenduseks selge heliga. \u00dchendusulatus kuni 10 meetrit. K\u00f5nedele vastamiseks mikrofoniga. Pakitud FSC\u00ae segukarpi. Kaasa [&hellip;]<\/p>\n","protected":false},"featured_media":29857,"template":"","meta":{"_acf_changed":false},"product_brand":[],"product_cat":[593,595],"product_tag":[],"class_list":{"0":"post-29842","1":"product","2":"type-product","3":"status-publish","4":"has-post-thumbnail","6":"product_cat-audio","7":"product_cat-kolarid","8":"pa_varv-must","10":"first","11":"instock","12":"taxable","13":"shipping-taxable","14":"purchasable","15":"product-type-variable","16":"has-default-attributes"},"acf":[],"_links":{"self":[{"href":"https:\/\/fifaa.ee\/en\/wp-json\/wp\/v2\/product\/29842","targetHints":{"allow":["GET"]}}],"collection":[{"href":"https:\/\/fifaa.ee\/en\/wp-json\/wp\/v2\/product"}],"about":[{"href":"https:\/\/fifaa.ee\/en\/wp-json\/wp\/v2\/types\/product"}],"wp:featuredmedia":[{"embeddable":true,"href":"https:\/\/fifaa.ee\/en\/wp-json\/wp\/v2\/media\/29857"}],"wp:attachment":[{"href":"https:\/\/fifaa.ee\/en\/wp-json\/wp\/v2\/media?parent=29842"}],"wp:term":[{"taxonomy":"product_brand","embeddable":true,"href":"https:\/\/fifaa.ee\/en\/wp-json\/wp\/v2\/product_brand?post=29842"},{"taxonomy":"product_cat","embeddable":true,"href":"https:\/\/fifaa.ee\/en\/wp-json\/wp\/v2\/product_cat?post=29842"},{"taxonomy":"product_tag","embeddable":true,"href":"https:\/\/fifaa.ee\/en\/wp-json\/wp\/v2\/product_tag?post=29842"}],"curies":[{"name":"wp","href":"https:\/\/api.w.org\/{rel}","templated":true}]}}