{"id":29844,"date":"2025-01-28T16:04:13","date_gmt":"2025-01-28T14:04:13","guid":{"rendered":"https:\/\/fifaa.ee\/?post_type=product&#038;p=29844"},"modified":"2026-04-01T16:23:47","modified_gmt":"2026-04-01T13:23:47","slug":"robert-tantsiv-robot-koneleja","status":"publish","type":"product","link":"https:\/\/fifaa.ee\/en\/product\/robert-tantsiv-robot-koneleja\/","title":{"rendered":"Robert the dancing robot speaker"},"content":{"rendered":"<p>Introducing Robert, the ultimate dancing robot set to revolutionize your entertainment experience! Connect Robert seamlessly to your mobile device via wireless connection and let the magic unfold. With an integrated speaker that plays crystal clear music, Robert dances to his own rhythm, turning any room into a dance floor. Instantly sync Robert to your Android or iOS device and use the interactive APP to program and control Robert\u2019s dance moves right from your mobile phone. Enjoy high-quality music through Robert\u2019s built-in speaker and dance non-stop for up to 5 hours up to 10 meters away. Perfect for both kids and adults, Robert is sure to charm and entertain everyone. Whether you\u2019re hosting a party, looking for a fun way to bond with your kids, or just want a unique companion, Robert is your best gadget. Watch him take center stage, bringing joy and laughter to every gathering. Don\u2019t miss out on the fun. Bring Robert home and let the dancing begin<\/p>","protected":false},"excerpt":{"rendered":"<p>Tutvustame Robertit, \u00fclimat tantsurobotit, mis on seatud teie meelelahutuskogemust revolutsiooniliselt muutma! \u00dchendage Robert sujuvalt oma mobiilseadmega juhtmevaba \u00fchenduse kaudu ja laske maagial areneda. Integreeritud k\u00f5lariga, mis m\u00e4ngib kristallselget muusikat, teeb Robert oma r\u00fctmi j\u00e4rgi, muutes iga ruumi tantsup\u00f5randaks. S\u00fcnkroonige Robert hetkega oma Android- v\u00f5i iOS-seadmega ja kasutage interaktiivset APP-d, et programmeerida ja juhtida Roberti tantsuliigutusi [&hellip;]<\/p>\n","protected":false},"featured_media":29861,"template":"","meta":{"_acf_changed":false},"product_brand":[],"product_cat":[589,634],"product_tag":[],"class_list":{"0":"post-29844","1":"product","2":"type-product","3":"status-publish","4":"has-post-thumbnail","6":"product_cat-elektroonika","7":"product_cat-mobiili-tarvikud","8":"pa_varv-valge-new","10":"first","11":"instock","12":"taxable","13":"shipping-taxable","14":"purchasable","15":"product-type-variable","16":"has-default-attributes"},"acf":[],"_links":{"self":[{"href":"https:\/\/fifaa.ee\/en\/wp-json\/wp\/v2\/product\/29844","targetHints":{"allow":["GET"]}}],"collection":[{"href":"https:\/\/fifaa.ee\/en\/wp-json\/wp\/v2\/product"}],"about":[{"href":"https:\/\/fifaa.ee\/en\/wp-json\/wp\/v2\/types\/product"}],"wp:featuredmedia":[{"embeddable":true,"href":"https:\/\/fifaa.ee\/en\/wp-json\/wp\/v2\/media\/29861"}],"wp:attachment":[{"href":"https:\/\/fifaa.ee\/en\/wp-json\/wp\/v2\/media?parent=29844"}],"wp:term":[{"taxonomy":"product_brand","embeddable":true,"href":"https:\/\/fifaa.ee\/en\/wp-json\/wp\/v2\/product_brand?post=29844"},{"taxonomy":"product_cat","embeddable":true,"href":"https:\/\/fifaa.ee\/en\/wp-json\/wp\/v2\/product_cat?post=29844"},{"taxonomy":"product_tag","embeddable":true,"href":"https:\/\/fifaa.ee\/en\/wp-json\/wp\/v2\/product_tag?post=29844"}],"curies":[{"name":"wp","href":"https:\/\/api.w.org\/{rel}","templated":true}]}}