{"id":29845,"date":"2025-01-28T16:04:13","date_gmt":"2025-01-28T14:04:13","guid":{"rendered":"https:\/\/fifaa.ee\/?post_type=product&#038;p=29845"},"modified":"2025-11-21T10:08:58","modified_gmt":"2025-11-21T08:08:58","slug":"rcs-taaskasutatud-tpu-sense-fit-pulsikellaga","status":"publish","type":"product","link":"https:\/\/fifaa.ee\/en\/product\/rcs-taaskasutatud-tpu-sense-fit-pulsikellaga\/","title":{"rendered":"RCS recycled TPU Sense Fit with heart rate monitor"},"content":{"rendered":"<p>Do what&#039;s best for your body with this waterproof (IPX5) activity tracker with a comfortable recycled TPU wristband for day or night wear. Easy-to-use 0.96&quot; OLED color touchscreen display. Made from RCS (Recycled Claim Standard) certified recycled TPU. wristband and ABS frame. Total recycled content: 351% of the total weight of the item. RCS certification ensures a fully certified supply chain of recycled materials. Includes a free app in six languages to keep track of your achievements (for iOS 8.1 and Android 4.4 or higher). BT5.0. Included functions: sleep tracking, step count, distance, calorie count, heart rate monitor, blood pressure, blood oxygen, multisport mode (11 and camera control. With this modern activity tracker, you will step into a healthier lifestyle. Standby time 15 days and working time up to 7 days Packaged in FSC\u00ae mix kraft packaging Product and accessories 100% PVC free.<\/p>","protected":false},"excerpt":{"rendered":"<p>Tehke seda, mis on teie kehale parim, kasutades seda veekindlat (IPX5) aktiivsuse j\u00e4lgijat koos mugava taaskasutatud TPU-ga. randmepael k\u00e4ev\u00f5ru kandmiseks nii p\u00e4eval kui \u00f6\u00f6sel. Lihtsalt kasutatava 0,96-tollise puutetundliku OLED-v\u00e4rviekraaniga. Valmistatud RCS (Recycled Claim Standard) sertifitseeritud taaskasutatud TPU-st. k\u00e4epael ja ABS raam. Taaskasutatud kogusisaldus: 35% eseme kogukaalust. RCS-sertifikaat tagab taaskasutatud materjalide t\u00e4ielikult sertifitseeritud tarneahela. Sisaldab tasuta [&hellip;]<\/p>\n","protected":false},"featured_media":29863,"template":"","meta":{"_acf_changed":false},"product_brand":[],"product_cat":[589,597],"product_tag":[],"class_list":{"0":"post-29845","1":"product","2":"type-product","3":"status-publish","4":"has-post-thumbnail","6":"product_cat-elektroonika","7":"product_cat-nutikellad","8":"pa_varv-must","10":"first","11":"instock","12":"taxable","13":"shipping-taxable","14":"purchasable","15":"product-type-variable","16":"has-default-attributes"},"acf":[],"_links":{"self":[{"href":"https:\/\/fifaa.ee\/en\/wp-json\/wp\/v2\/product\/29845","targetHints":{"allow":["GET"]}}],"collection":[{"href":"https:\/\/fifaa.ee\/en\/wp-json\/wp\/v2\/product"}],"about":[{"href":"https:\/\/fifaa.ee\/en\/wp-json\/wp\/v2\/types\/product"}],"wp:featuredmedia":[{"embeddable":true,"href":"https:\/\/fifaa.ee\/en\/wp-json\/wp\/v2\/media\/29863"}],"wp:attachment":[{"href":"https:\/\/fifaa.ee\/en\/wp-json\/wp\/v2\/media?parent=29845"}],"wp:term":[{"taxonomy":"product_brand","embeddable":true,"href":"https:\/\/fifaa.ee\/en\/wp-json\/wp\/v2\/product_brand?post=29845"},{"taxonomy":"product_cat","embeddable":true,"href":"https:\/\/fifaa.ee\/en\/wp-json\/wp\/v2\/product_cat?post=29845"},{"taxonomy":"product_tag","embeddable":true,"href":"https:\/\/fifaa.ee\/en\/wp-json\/wp\/v2\/product_tag?post=29845"}],"curies":[{"name":"wp","href":"https:\/\/api.w.org\/{rel}","templated":true}]}}