{"id":29846,"date":"2025-01-28T16:04:13","date_gmt":"2025-01-28T14:04:13","guid":{"rendered":"https:\/\/fifaa.ee\/?post_type=product&#038;p=29846"},"modified":"2025-11-21T10:08:58","modified_gmt":"2025-11-21T08:08:58","slug":"swiss-peak-rcs-taaskasutatud-tpu-kaekell","status":"publish","type":"product","link":"https:\/\/fifaa.ee\/en\/product\/swiss-peak-rcs-taaskasutatud-tpu-kaekell\/","title":{"rendered":"Swiss Peak RCS recycled TPU Watch"},"content":{"rendered":"<p>A modern high-performance watch with a 1.28-inch round, responsive full-touch display to track your activities throughout the day. High-resolution display. Made with RCS (Recycled Claim Standard) certified recycled TPU wristband and zinc alloy frame. Total recycled content: 23% of the total weight of the item. RCS certification ensures a fully certified supply chain of recycled materials. Features include: step count, calories, distance, multi-sport (24 types) alarm clock, heart rate monitoring, blood pressure monitoring, sleep monitor calendar updates. Notifications: SMS, Facebook, Skype, WhatsApp, Twitter, etc. Compatible with Android 4.4 and IOS 8.0 and above. IPX 68 water and dust resistant. BT 5.0. Standby time 25 days and working time up to 7 days. Comes with a clip charger to charge the watch. Packed in FSC\u00ae mix kraft packaging. Product and accessories 100% PVC-free.<\/p>","protected":false},"excerpt":{"rendered":"<p>Moodne suure j\u00f5udlusega k\u00e4ekell 1,28-tollise \u00fcmmarguse kiire reageerimisv\u00f5imega t\u00e4ispuuteekraaniga, et j\u00e4lgida teie tegevusi kogu p\u00e4eva jooksul. K\u00f5rge eraldusv\u00f5imega ekraaniga. Valmistatud RCS (Recycled Claim Standard) sertifitseeritud ringlussev\u00f5etud TPU k\u00e4epaela ja tsingisulamist raamiga. Taaskasutatud kogusisaldus: 23% kauba kogukaalust. RCS-sertifikaat tagab taaskasutatud materjalide t\u00e4ielikult sertifitseeritud tarneahela. Funktsioonide hulka kuuluvad: sammude arv, kalorid, vahemaa, mitme spordiala (24 t\u00fc\u00fcpi) j\u00e4lgiv [&hellip;]<\/p>\n","protected":false},"featured_media":29865,"template":"","meta":{"_acf_changed":false},"product_brand":[],"product_cat":[589,597],"product_tag":[],"class_list":{"0":"post-29846","1":"product","2":"type-product","3":"status-publish","4":"has-post-thumbnail","6":"product_cat-elektroonika","7":"product_cat-nutikellad","8":"pa_varv-must","10":"first","11":"instock","12":"taxable","13":"shipping-taxable","14":"purchasable","15":"product-type-variable","16":"has-default-attributes"},"acf":[],"_links":{"self":[{"href":"https:\/\/fifaa.ee\/en\/wp-json\/wp\/v2\/product\/29846","targetHints":{"allow":["GET"]}}],"collection":[{"href":"https:\/\/fifaa.ee\/en\/wp-json\/wp\/v2\/product"}],"about":[{"href":"https:\/\/fifaa.ee\/en\/wp-json\/wp\/v2\/types\/product"}],"wp:featuredmedia":[{"embeddable":true,"href":"https:\/\/fifaa.ee\/en\/wp-json\/wp\/v2\/media\/29865"}],"wp:attachment":[{"href":"https:\/\/fifaa.ee\/en\/wp-json\/wp\/v2\/media?parent=29846"}],"wp:term":[{"taxonomy":"product_brand","embeddable":true,"href":"https:\/\/fifaa.ee\/en\/wp-json\/wp\/v2\/product_brand?post=29846"},{"taxonomy":"product_cat","embeddable":true,"href":"https:\/\/fifaa.ee\/en\/wp-json\/wp\/v2\/product_cat?post=29846"},{"taxonomy":"product_tag","embeddable":true,"href":"https:\/\/fifaa.ee\/en\/wp-json\/wp\/v2\/product_tag?post=29846"}],"curies":[{"name":"wp","href":"https:\/\/api.w.org\/{rel}","templated":true}]}}