{"id":29848,"date":"2025-01-28T16:04:13","date_gmt":"2025-01-28T14:04:13","guid":{"rendered":"https:\/\/fifaa.ee\/?post_type=product&#038;p=29848"},"modified":"2026-04-01T16:23:47","modified_gmt":"2026-04-01T13:23:47","slug":"rcs-taaskasutatud-tpu-fit-watch","status":"publish","type":"product","link":"https:\/\/fifaa.ee\/en\/product\/rcs-taaskasutatud-tpu-fit-watch\/","title":{"rendered":"RCS recycled TPU Fit Watch"},"content":{"rendered":"<p>Modern lifestyle watch with a 1.3&quot; touchscreen color display to track your activities throughout the day. Made with RCS (Recycled Claim Standard) certified recycled TPU wristband and ABS frame. Total recycled content: 31% of the total weight of the item. RCS certification ensures a fully certified supply chain of recycled materials. Features include: step count, calories, distance, multi-sport tracking alarm clock, heart rate monitoring, blood pressure monitoring, sleep monitor, calendar updates, making and receiving calls, notifications: SMS, Facebook, Skype, WhatsApp, Twitter, etc. Compatible with Android 4.4 and IOS 8.0 and above. IPX 67 water and dust resistant. BT 5.0. Standby time 15 days and working time up to 5 days. Comes with a clip charger to charge the watch. Packed in FSC\u00ae mix kraft packaging. Product and accessories 100% PVC-free.<\/p>","protected":false},"excerpt":{"rendered":"<p>Moodne elustiilikell 1,3-tollise puutetundliku v\u00e4rvilise ekraaniga, et j\u00e4lgida teie tegevusi kogu p\u00e4eva jooksul. Valmistatud RCS-i (Recycled Claim Standard) sertifitseeritud ringlussev\u00f5etud TPU-k\u00e4epaela ja ABS-raamiga. Taaskasutatud kogusisaldus: 31% eseme kogukaalust. RCS-sertifikaat tagab taaskasutatud materjalide t\u00e4ielikult sertifitseeritud tarneahela. Funktsioonide hulka kuuluvad: sammude arv, kalorid, distants, mitme spordiala j\u00e4lgimise \u00e4ratuskell, pulsi j\u00e4lgimine, verer\u00f5hu j\u00e4lgimine, unemonitor, kalendriv\u00e4rskendused, helistamine ja k\u00f5nede [&hellip;]<\/p>\n","protected":false},"featured_media":29869,"template":"","meta":{"_acf_changed":false},"product_brand":[],"product_cat":[589,597],"product_tag":[],"class_list":{"0":"post-29848","1":"product","2":"type-product","3":"status-publish","4":"has-post-thumbnail","6":"product_cat-elektroonika","7":"product_cat-nutikellad","8":"pa_varv-must","10":"first","11":"instock","12":"taxable","13":"shipping-taxable","14":"purchasable","15":"product-type-variable","16":"has-default-attributes"},"acf":[],"_links":{"self":[{"href":"https:\/\/fifaa.ee\/en\/wp-json\/wp\/v2\/product\/29848","targetHints":{"allow":["GET"]}}],"collection":[{"href":"https:\/\/fifaa.ee\/en\/wp-json\/wp\/v2\/product"}],"about":[{"href":"https:\/\/fifaa.ee\/en\/wp-json\/wp\/v2\/types\/product"}],"wp:featuredmedia":[{"embeddable":true,"href":"https:\/\/fifaa.ee\/en\/wp-json\/wp\/v2\/media\/29869"}],"wp:attachment":[{"href":"https:\/\/fifaa.ee\/en\/wp-json\/wp\/v2\/media?parent=29848"}],"wp:term":[{"taxonomy":"product_brand","embeddable":true,"href":"https:\/\/fifaa.ee\/en\/wp-json\/wp\/v2\/product_brand?post=29848"},{"taxonomy":"product_cat","embeddable":true,"href":"https:\/\/fifaa.ee\/en\/wp-json\/wp\/v2\/product_cat?post=29848"},{"taxonomy":"product_tag","embeddable":true,"href":"https:\/\/fifaa.ee\/en\/wp-json\/wp\/v2\/product_tag?post=29848"}],"curies":[{"name":"wp","href":"https:\/\/api.w.org\/{rel}","templated":true}]}}