{"id":29849,"date":"2025-01-28T16:04:13","date_gmt":"2025-01-28T14:04:13","guid":{"rendered":"https:\/\/fifaa.ee\/?post_type=product&#038;p=29849"},"modified":"2025-11-21T10:08:58","modified_gmt":"2025-11-21T08:08:58","slug":"swiss-peak-rcs-taaskasutatud-alumiiniumist-3w-bassikolar","status":"publish","type":"product","link":"https:\/\/fifaa.ee\/en\/product\/swiss-peak-rcs-taaskasutatud-alumiiniumist-3w-bassikolar\/","title":{"rendered":"Swiss Peak RCS recycled aluminum 3W bass speaker"},"content":{"rendered":"<p>Small but powerful 3W wireless speaker made from RCS (Recycled Claim Standard) certified recycled aluminum and recycled ABS. Total recycled content: 28% of the total weight of the item. RCS certification ensures a fully certified supply chain of recycled materials. Aluminum does not lose its properties during recycling and can be recycled indefinitely. Includes a recycled Type-C charging cable made from RCS certified recycled TPE. Packed in FSC\u00ae mixed packaging. 500 mAh battery allows for up to 4 hours of playtime and can be fully charged in 2 hours. BT 5.0 for seamless connection up to 10 meters. Product and accessories PVC-free.<\/p>","protected":false},"excerpt":{"rendered":"<p>V\u00e4ike, kuid v\u00f5imas 3 W juhtmevaba k\u00f5lar, mis on valmistatud RCS (Recycled Claim Standard) sertifitseeritud taaskasutatud alumiiniumist ja taaskasutatud ABS-ist. Taaskasutatud kogusisaldus: 28% kauba kogukaalust. RCS-sertifikaat tagab taaskasutatud materjalide t\u00e4ielikult sertifitseeritud tarneahela. Alumiinium ei kaota ringlussev\u00f5tu k\u00e4igus oma omadusi ja seda saab ringlusse v\u00f5tta l\u00f5putult. Sisaldab taaskasutatud C-t\u00fc\u00fcpi laadimiskaablit, mis on valmistatud RCS-sertifikaadiga taaskasutatud TPE-st. [&hellip;]<\/p>\n","protected":false},"featured_media":29871,"template":"","meta":{"_acf_changed":false},"product_brand":[],"product_cat":[593,595],"product_tag":[],"class_list":{"0":"post-29849","1":"product","2":"type-product","3":"status-publish","4":"has-post-thumbnail","6":"product_cat-audio","7":"product_cat-kolarid","8":"pa_varv-hall","10":"first","11":"instock","12":"taxable","13":"shipping-taxable","14":"purchasable","15":"product-type-variable","16":"has-default-attributes"},"acf":[],"_links":{"self":[{"href":"https:\/\/fifaa.ee\/en\/wp-json\/wp\/v2\/product\/29849","targetHints":{"allow":["GET"]}}],"collection":[{"href":"https:\/\/fifaa.ee\/en\/wp-json\/wp\/v2\/product"}],"about":[{"href":"https:\/\/fifaa.ee\/en\/wp-json\/wp\/v2\/types\/product"}],"wp:featuredmedia":[{"embeddable":true,"href":"https:\/\/fifaa.ee\/en\/wp-json\/wp\/v2\/media\/29871"}],"wp:attachment":[{"href":"https:\/\/fifaa.ee\/en\/wp-json\/wp\/v2\/media?parent=29849"}],"wp:term":[{"taxonomy":"product_brand","embeddable":true,"href":"https:\/\/fifaa.ee\/en\/wp-json\/wp\/v2\/product_brand?post=29849"},{"taxonomy":"product_cat","embeddable":true,"href":"https:\/\/fifaa.ee\/en\/wp-json\/wp\/v2\/product_cat?post=29849"},{"taxonomy":"product_tag","embeddable":true,"href":"https:\/\/fifaa.ee\/en\/wp-json\/wp\/v2\/product_tag?post=29849"}],"curies":[{"name":"wp","href":"https:\/\/api.w.org\/{rel}","templated":true}]}}