{"id":29850,"date":"2025-01-28T16:04:13","date_gmt":"2025-01-28T14:04:13","guid":{"rendered":"https:\/\/fifaa.ee\/?post_type=product&#038;p=29850"},"modified":"2026-04-01T16:23:47","modified_gmt":"2026-04-01T13:23:47","slug":"skywave-rcs-taaskasutatud-plastikust-paikesekolar-12w","status":"publish","type":"product","link":"https:\/\/fifaa.ee\/en\/product\/skywave-rcs-taaskasutatud-plastikust-paikesekolar-12w\/","title":{"rendered":"Skywave RCS recycled plastic solar speaker 12W"},"content":{"rendered":"<p>Powerful 12W wireless speaker with integrated large solar panel made of RCS-certified recycled ABS. Total recycled content: 16% of the total weight of the item. RCS certification ensures a fully certified supply chain of recycled materials. The speaker uses high-quality monocrystalline solar panels with a conversion rate of 19%. The charge rate depends on the conditions. With integrated LED light to use the speaker even when the sun has set. The speaker is equipped with a 2000 mAh battery to provide up to 8 hours of playtime and BT5.3 for seamless connection and clear sound. Connection range up to 10 meters. With microphone and reception function for answering calls. Solar charging speed: 5V\/300mA. Packed in FSC mix FSC\u00ae box. Including RCS-certified recycled TPE charging cable. Product and accessories 100% PVC-free<\/p>","protected":false},"excerpt":{"rendered":"<p>V\u00f5imas 12 W juhtmevaba k\u00f5lar integreeritud suure p\u00e4ikesepaneeliga RCS-sertifikaadiga taaskasutatud ABS-st. Kogu taaskasutatud sisaldus: 16% eseme kogukaalust. RCS-sertifikaat tagab taaskasutatud materjalide t\u00e4ielikult sertifitseeritud tarneahela. K\u00f5lar kasutab kvaliteetseid monokristallilisi p\u00e4ikesepaneele, mille konversioonim\u00e4\u00e4r on 19%. Tasu m\u00e4\u00e4r s\u00f5ltub tingimustest. Integreeritud LED-lambiga, et kasutada k\u00f5larit ka siis, kui p\u00e4ike on loojunud. K\u00f5lar on varustatud 2000 mAh akuga, et [&hellip;]<\/p>\n","protected":false},"featured_media":29873,"template":"","meta":{"_acf_changed":false},"product_brand":[],"product_cat":[593,595],"product_tag":[],"class_list":{"0":"post-29850","1":"product","2":"type-product","3":"status-publish","4":"has-post-thumbnail","6":"product_cat-audio","7":"product_cat-kolarid","8":"pa_varv-must","10":"first","11":"instock","12":"taxable","13":"shipping-taxable","14":"purchasable","15":"product-type-variable","16":"has-default-attributes"},"acf":[],"_links":{"self":[{"href":"https:\/\/fifaa.ee\/en\/wp-json\/wp\/v2\/product\/29850","targetHints":{"allow":["GET"]}}],"collection":[{"href":"https:\/\/fifaa.ee\/en\/wp-json\/wp\/v2\/product"}],"about":[{"href":"https:\/\/fifaa.ee\/en\/wp-json\/wp\/v2\/types\/product"}],"wp:featuredmedia":[{"embeddable":true,"href":"https:\/\/fifaa.ee\/en\/wp-json\/wp\/v2\/media\/29873"}],"wp:attachment":[{"href":"https:\/\/fifaa.ee\/en\/wp-json\/wp\/v2\/media?parent=29850"}],"wp:term":[{"taxonomy":"product_brand","embeddable":true,"href":"https:\/\/fifaa.ee\/en\/wp-json\/wp\/v2\/product_brand?post=29850"},{"taxonomy":"product_cat","embeddable":true,"href":"https:\/\/fifaa.ee\/en\/wp-json\/wp\/v2\/product_cat?post=29850"},{"taxonomy":"product_tag","embeddable":true,"href":"https:\/\/fifaa.ee\/en\/wp-json\/wp\/v2\/product_tag?post=29850"}],"curies":[{"name":"wp","href":"https:\/\/api.w.org\/{rel}","templated":true}]}}