{"id":29852,"date":"2025-01-28T16:04:13","date_gmt":"2025-01-28T14:04:13","guid":{"rendered":"https:\/\/fifaa.ee\/?post_type=product&#038;p=29852"},"modified":"2026-04-01T16:24:08","modified_gmt":"2026-04-01T13:24:08","slug":"3w-rcs-taaskasutatud-plastist-juhtmevaba-paikeselaine-kolar","status":"publish","type":"product","link":"https:\/\/fifaa.ee\/en\/product\/3w-rcs-taaskasutatud-plastist-juhtmevaba-paikeselaine-kolar\/","title":{"rendered":"3W RCS recycled plastic wireless sunwave solar speaker"},"content":{"rendered":"<p>Powerful 3W wireless speaker with integrated solar panel on the back, made of RCS-certified recycled ABS. Total recycled content: 38% of the total weight of the item. RCS certification ensures a fully certified supply chain of recycled materials. The speaker uses high-quality monocrystalline solar panels with a conversion rate of 19%. The charge rate depends on the conditions. Solar charging rate: 5V\/80mA. The speaker is equipped with a 400mAh battery to provide up to 4 hours of playtime and BT5.3 for seamless connection and clear sound. Connection range up to 10 meters. With microphone and reception function for answering calls. Integrated 30 lumen LED light. Packed in FSC mix FSC\u00ae box. RCS-certified recycled TPE charging cable included. Product and accessories 100% PVC-free. IPX 5 waterproof.<\/p>","protected":false},"excerpt":{"rendered":"<p>V\u00f5imas 3 W juhtmevaba k\u00f5lar koos integreeritud p\u00e4ikesepaneeliga tagak\u00fcljel, valmistatud RCS-sertifikaadiga taaskasutatud ABS-ist. Taaskasutatud kogusisaldus: 38% eseme kogukaalust. RCS-sertifikaat tagab taaskasutatud materjalide t\u00e4ielikult sertifitseeritud tarneahela. K\u00f5lar kasutab kvaliteetseid monokristallilisi p\u00e4ikesepaneele, mille konversioonim\u00e4\u00e4r on 19%. Tasu m\u00e4\u00e4r s\u00f5ltub tingimustest. Laadimiskiirus p\u00e4ikeseenergia: 5V\/80mA. K\u00f5lar on varustatud 400 mAh akuga, et tagada kuni 4 tundi esitusaega ning BT5.3 [&hellip;]<\/p>\n","protected":false},"featured_media":29877,"template":"","meta":{"_acf_changed":false},"product_brand":[],"product_cat":[593,595],"product_tag":[],"class_list":{"0":"post-29852","1":"product","2":"type-product","3":"status-publish","4":"has-post-thumbnail","6":"product_cat-audio","7":"product_cat-kolarid","8":"pa_varv-must","10":"first","11":"instock","12":"taxable","13":"shipping-taxable","14":"purchasable","15":"product-type-variable","16":"has-default-attributes"},"acf":[],"_links":{"self":[{"href":"https:\/\/fifaa.ee\/en\/wp-json\/wp\/v2\/product\/29852","targetHints":{"allow":["GET"]}}],"collection":[{"href":"https:\/\/fifaa.ee\/en\/wp-json\/wp\/v2\/product"}],"about":[{"href":"https:\/\/fifaa.ee\/en\/wp-json\/wp\/v2\/types\/product"}],"wp:featuredmedia":[{"embeddable":true,"href":"https:\/\/fifaa.ee\/en\/wp-json\/wp\/v2\/media\/29877"}],"wp:attachment":[{"href":"https:\/\/fifaa.ee\/en\/wp-json\/wp\/v2\/media?parent=29852"}],"wp:term":[{"taxonomy":"product_brand","embeddable":true,"href":"https:\/\/fifaa.ee\/en\/wp-json\/wp\/v2\/product_brand?post=29852"},{"taxonomy":"product_cat","embeddable":true,"href":"https:\/\/fifaa.ee\/en\/wp-json\/wp\/v2\/product_cat?post=29852"},{"taxonomy":"product_tag","embeddable":true,"href":"https:\/\/fifaa.ee\/en\/wp-json\/wp\/v2\/product_tag?post=29852"}],"curies":[{"name":"wp","href":"https:\/\/api.w.org\/{rel}","templated":true}]}}