{"id":29853,"date":"2025-01-28T16:04:13","date_gmt":"2025-01-28T14:04:13","guid":{"rendered":"https:\/\/fifaa.ee\/?post_type=product&#038;p=29853"},"modified":"2026-04-01T16:24:08","modified_gmt":"2026-04-01T13:24:08","slug":"magtune-rcs-taaskasutatud-plastist-magnetiline-5w-kolar","status":"publish","type":"product","link":"https:\/\/fifaa.ee\/en\/product\/magtune-rcs-taaskasutatud-plastist-magnetiline-5w-kolar\/","title":{"rendered":"Magtune RCS recycled plastic magnetic 5W speaker"},"content":{"rendered":"<p>Magnetic 5W wireless speaker that can be easily attached to the back of a mobile device that supports magnetic attachment. Simply click it and you can start using the speaker as a mobile stand while playing your favorite music. The speaker can also be easily attached to other magnetic surfaces such as the refrigerator. The speaker is made of RCS (Recycled Claim Standard) certified recycled ABS. Total recycled content: 22% of the total weight of the item. RCS certification ensures a fully certified supply chain of recycled materials. Magtune is equipped with a 650 mAh Class A battery that allows for up to 5 hours of playtime and can be charged in 2 hours. It uses BT 5.0 for seamless connection and easy auto-pairing. Includes a Type-C charging cable made of RCS certified recycled TPE. Packed in FSC\u00ae mixed packaging. PVC free.<\/p>","protected":false},"excerpt":{"rendered":"<p>Magnetiline 5W juhtmevaba k\u00f5lar, mida saab h\u00f5lpsasti kinnitada magnetkinnitust toetava mobiilseadme tagak\u00fcljele. Kl\u00f5psake seda lihtsalt ja saate hakata k\u00f5larit kasutama mobiilse alusena, m\u00e4ngides samal ajal oma lemmikmuusikat. K\u00f5lari saab h\u00f5lpsasti kinnitada ka muudele magnetpindadele nagu k\u00fclmkapp. K\u00f5lar on valmistatud RCS (Recycled Claim Standard) sertifitseeritud taaskasutatud ABS-ist. Taaskasutatud kogusisaldus: 22% eseme kogukaalust. RCS-sertifikaat tagab taaskasutatud materjalide [&hellip;]<\/p>\n","protected":false},"featured_media":29879,"template":"","meta":{"_acf_changed":false},"product_brand":[],"product_cat":[593,595],"product_tag":[],"class_list":{"0":"post-29853","1":"product","2":"type-product","3":"status-publish","4":"has-post-thumbnail","6":"product_cat-audio","7":"product_cat-kolarid","8":"pa_varv-must","10":"first","11":"instock","12":"taxable","13":"shipping-taxable","14":"purchasable","15":"product-type-variable","16":"has-default-attributes"},"acf":[],"_links":{"self":[{"href":"https:\/\/fifaa.ee\/en\/wp-json\/wp\/v2\/product\/29853","targetHints":{"allow":["GET"]}}],"collection":[{"href":"https:\/\/fifaa.ee\/en\/wp-json\/wp\/v2\/product"}],"about":[{"href":"https:\/\/fifaa.ee\/en\/wp-json\/wp\/v2\/types\/product"}],"wp:featuredmedia":[{"embeddable":true,"href":"https:\/\/fifaa.ee\/en\/wp-json\/wp\/v2\/media\/29879"}],"wp:attachment":[{"href":"https:\/\/fifaa.ee\/en\/wp-json\/wp\/v2\/media?parent=29853"}],"wp:term":[{"taxonomy":"product_brand","embeddable":true,"href":"https:\/\/fifaa.ee\/en\/wp-json\/wp\/v2\/product_brand?post=29853"},{"taxonomy":"product_cat","embeddable":true,"href":"https:\/\/fifaa.ee\/en\/wp-json\/wp\/v2\/product_cat?post=29853"},{"taxonomy":"product_tag","embeddable":true,"href":"https:\/\/fifaa.ee\/en\/wp-json\/wp\/v2\/product_tag?post=29853"}],"curies":[{"name":"wp","href":"https:\/\/api.w.org\/{rel}","templated":true}]}}