{"id":29854,"date":"2025-01-28T16:04:13","date_gmt":"2025-01-28T14:04:13","guid":{"rendered":"https:\/\/fifaa.ee\/?post_type=product&#038;p=29854"},"modified":"2026-04-01T16:24:08","modified_gmt":"2026-04-01T13:24:08","slug":"singvibe-rcs-taaskasutatud-plastikust-karaokekomplekt-topeltmikroriga","status":"publish","type":"product","link":"https:\/\/fifaa.ee\/en\/product\/singvibe-rcs-taaskasutatud-plastikust-karaokekomplekt-topeltmikroriga\/","title":{"rendered":"Singvibe RCS recycled plastic karaoke set with double mic"},"content":{"rendered":"<p>Sing, dance and have fun with your friends with this high-quality dual-mic karaoke set that lets you sing in stereo with your best friends. The speaker and microphone have an induction charging base, so you can easily charge all three at once. Simply turn on a music video with lyrics or enable lyrics in your favorite player and get ready for hours of fun! The 5W speaker has a 2000 mAh battery that allows for up to 6 hours of use. The speaker also supports TF card and USB for music. You can move up to 10 meters away from the speaker using the microphones. The speaker is made of RCS (Recycled Claim Standard) certified recycled ABS. Total recycled content: 53% of the total weight of the item. The RCS certification ensures a fully certified supply chain of recycled materials. Includes a Type-C charging cable made of RCS certified recycled TPE. Packed in an FSC\u00ae blend. PVC free.<\/p>","protected":false},"excerpt":{"rendered":"<p>Laulge, tantsige ja l\u00f5butsege oma s\u00f5pradega selle kvaliteetse kahe mikrofoniga karaokekomplektiga, mis v\u00f5imaldab teil laulda stereos oma parimate s\u00f5pradega. K\u00f5laril ja mikrofonil on induktsioonlaadimisalus, nii et saate k\u00f5iki kolme h\u00f5lpsalt korraga laadida. L\u00fclitage lihtsalt laulus\u00f5nadega muusikavideo sisse v\u00f5i lubage laulus\u00f5nad oma lemmikpleieris ja valmistuge tundideks l\u00f5busaks! 5W k\u00f5laril on 2000 mah aku, mis v\u00f5imaldab kuni [&hellip;]<\/p>\n","protected":false},"featured_media":29881,"template":"","meta":{"_acf_changed":false},"product_brand":[],"product_cat":[593,595],"product_tag":[],"class_list":{"0":"post-29854","1":"product","2":"type-product","3":"status-publish","4":"has-post-thumbnail","6":"product_cat-audio","7":"product_cat-kolarid","8":"pa_varv-must","10":"first","11":"instock","12":"taxable","13":"shipping-taxable","14":"purchasable","15":"product-type-variable","16":"has-default-attributes"},"acf":[],"_links":{"self":[{"href":"https:\/\/fifaa.ee\/en\/wp-json\/wp\/v2\/product\/29854","targetHints":{"allow":["GET"]}}],"collection":[{"href":"https:\/\/fifaa.ee\/en\/wp-json\/wp\/v2\/product"}],"about":[{"href":"https:\/\/fifaa.ee\/en\/wp-json\/wp\/v2\/types\/product"}],"wp:featuredmedia":[{"embeddable":true,"href":"https:\/\/fifaa.ee\/en\/wp-json\/wp\/v2\/media\/29881"}],"wp:attachment":[{"href":"https:\/\/fifaa.ee\/en\/wp-json\/wp\/v2\/media?parent=29854"}],"wp:term":[{"taxonomy":"product_brand","embeddable":true,"href":"https:\/\/fifaa.ee\/en\/wp-json\/wp\/v2\/product_brand?post=29854"},{"taxonomy":"product_cat","embeddable":true,"href":"https:\/\/fifaa.ee\/en\/wp-json\/wp\/v2\/product_cat?post=29854"},{"taxonomy":"product_tag","embeddable":true,"href":"https:\/\/fifaa.ee\/en\/wp-json\/wp\/v2\/product_tag?post=29854"}],"curies":[{"name":"wp","href":"https:\/\/api.w.org\/{rel}","templated":true}]}}