{"id":29855,"date":"2025-01-28T16:04:13","date_gmt":"2025-01-28T14:04:13","guid":{"rendered":"https:\/\/fifaa.ee\/?post_type=product&#038;p=29855"},"modified":"2026-04-01T16:24:36","modified_gmt":"2026-04-01T13:24:36","slug":"prolink-rcs-taaskasutatud-plastist-hubriidkorvaklapp-anc-enc","status":"publish","type":"product","link":"https:\/\/fifaa.ee\/en\/product\/prolink-rcs-taaskasutatud-plastist-hubriidkorvaklapp-anc-enc\/","title":{"rendered":"Prolink RCS recycled plastic hybrid ANC\/ENC earbuds"},"content":{"rendered":"<p>These ANC and ENC hybrid headphones allow you to commute, work or travel in peace. The ANC function ensures external noise reduction for optimal concentration. The ENC functions filter out external sounds when making a phone call for a clearer call experience. The headphones and charging case are made from RCS (Recycled Claim Standard) certified recycled ABS. Total recycled content: 66% of the total weight of the item. RCS certification ensures a fully certified supply chain of recycled materials. The headphones come in a compact 200 mAh charging case, which allows you to charge and take the headphones with you wherever you go. The headphones use BT 5.3 for hassle-free auto-pairing and stable connection. The headphones have a 30 mAh battery that allows for up to 5 hours of playtime (with ANC) and 7 hours (without ANC), and can be recharged in the charging case in 1.5 hours. Wireless range is up to 10 meters. ANC level: 23 DB. Comes with 3 sizes of ear tips.<\/p>","protected":false},"excerpt":{"rendered":"<p>Nende ANC ja ENC h\u00fcbriidk\u00f5rvaklappidega saate vaikselt edasi-tagasi s\u00f5ita, t\u00f6\u00f6tada v\u00f5i reisida. ANC-funktsioon tagab optimaalse kontsentratsiooni saavutamiseks v\u00e4lism\u00fcra v\u00e4hendamise. ENC-funktsioonid filtreerivad telefonik\u00f5ne tegemisel v\u00e4lised helid \u00e4ra, et k\u00f5nekogemus oleks selgem. K\u00f5rvaklapid ja laadimis\u00fcmbris on valmistatud RCS-i (Recycled Claim Standard) sertifitseeritud taaskasutatud ABS-ist. Taaskasutatud kogusisaldus: 66% eseme kogukaalust. RCS-sertifikaat tagab taaskasutatud materjalide t\u00e4ielikult sertifitseeritud tarneahela. K\u00f5rvaklapid [&hellip;]<\/p>\n","protected":false},"featured_media":29883,"template":"","meta":{"_acf_changed":false},"product_brand":[],"product_cat":[593,596],"product_tag":[659],"class_list":{"0":"post-29855","1":"product","2":"type-product","3":"status-publish","4":"has-post-thumbnail","6":"product_cat-audio","7":"product_cat-juhtmevabad-korvaklapid","8":"product_tag-more-colors","9":"pa_varv-must","10":"pa_varv-valge-new","12":"first","13":"instock","14":"taxable","15":"shipping-taxable","16":"purchasable","17":"product-type-variable","18":"has-default-attributes"},"acf":[],"_links":{"self":[{"href":"https:\/\/fifaa.ee\/en\/wp-json\/wp\/v2\/product\/29855","targetHints":{"allow":["GET"]}}],"collection":[{"href":"https:\/\/fifaa.ee\/en\/wp-json\/wp\/v2\/product"}],"about":[{"href":"https:\/\/fifaa.ee\/en\/wp-json\/wp\/v2\/types\/product"}],"wp:featuredmedia":[{"embeddable":true,"href":"https:\/\/fifaa.ee\/en\/wp-json\/wp\/v2\/media\/29883"}],"wp:attachment":[{"href":"https:\/\/fifaa.ee\/en\/wp-json\/wp\/v2\/media?parent=29855"}],"wp:term":[{"taxonomy":"product_brand","embeddable":true,"href":"https:\/\/fifaa.ee\/en\/wp-json\/wp\/v2\/product_brand?post=29855"},{"taxonomy":"product_cat","embeddable":true,"href":"https:\/\/fifaa.ee\/en\/wp-json\/wp\/v2\/product_cat?post=29855"},{"taxonomy":"product_tag","embeddable":true,"href":"https:\/\/fifaa.ee\/en\/wp-json\/wp\/v2\/product_tag?post=29855"}],"curies":[{"name":"wp","href":"https:\/\/api.w.org\/{rel}","templated":true}]}}