{"id":29887,"date":"2025-01-28T16:04:29","date_gmt":"2025-01-28T14:04:29","guid":{"rendered":"https:\/\/fifaa.ee\/?post_type=product&#038;p=29887"},"modified":"2026-04-01T16:24:36","modified_gmt":"2026-04-01T13:24:36","slug":"beatbuddy-taaskasutatud-plastikust-3w-kolar","status":"publish","type":"product","link":"https:\/\/fifaa.ee\/en\/product\/beatbuddy-taaskasutatud-plastikust-3w-kolar\/","title":{"rendered":"BeatBuddy recycled plastic 3W speaker"},"content":{"rendered":"<p>3W wireless speaker to play your favorite music! The speaker is made of RCS (Recycled Claim Standard) certified recycled ABS. Total recycled content: 22% of the total weight of the item. RCS certification ensures a fully certified supply chain of recycled materials. Beatbuddy comes with a 500 mAh battery that allows for up to 4 hours of playtime and can be charged in 2 hours. It uses BT 5.3 for seamless connection and easy automatic pairing. With microphone and pick-up function. Including a Type-C charging cable made of RCS certified recycled TPE. Packed in FSC\u00ae mixed packaging. PVC free.<\/p>","protected":false},"excerpt":{"rendered":"<p>3 W juhtmevaba k\u00f5lar teie lemmikmuusika esitamiseks! K\u00f5lar on valmistatud RCS (Recycled Claim Standard) sertifitseeritud taaskasutatud ABS-ist. Taaskasutatud kogusisaldus: 22% eseme kogukaalust. RCS-sertifikaat tagab taaskasutatud materjalide t\u00e4ielikult sertifitseeritud tarneahela. Beatbuddyga on kaasas 500 mah aku, mis v\u00f5imaldab m\u00e4ngida kuni 4 tundi ja mida saab laadida 2 tunniga. See kasutab sujuvaks \u00fchendamiseks ja lihtsaks automaatseks sidumiseks [&hellip;]<\/p>\n","protected":false},"featured_media":29901,"template":"","meta":{"_acf_changed":false},"product_brand":[],"product_cat":[593,595],"product_tag":[],"class_list":{"0":"post-29887","1":"product","2":"type-product","3":"status-publish","4":"has-post-thumbnail","6":"product_cat-audio","7":"product_cat-kolarid","8":"pa_varv-hall","10":"first","11":"instock","12":"taxable","13":"shipping-taxable","14":"purchasable","15":"product-type-variable","16":"has-default-attributes"},"acf":[],"_links":{"self":[{"href":"https:\/\/fifaa.ee\/en\/wp-json\/wp\/v2\/product\/29887","targetHints":{"allow":["GET"]}}],"collection":[{"href":"https:\/\/fifaa.ee\/en\/wp-json\/wp\/v2\/product"}],"about":[{"href":"https:\/\/fifaa.ee\/en\/wp-json\/wp\/v2\/types\/product"}],"wp:featuredmedia":[{"embeddable":true,"href":"https:\/\/fifaa.ee\/en\/wp-json\/wp\/v2\/media\/29901"}],"wp:attachment":[{"href":"https:\/\/fifaa.ee\/en\/wp-json\/wp\/v2\/media?parent=29887"}],"wp:term":[{"taxonomy":"product_brand","embeddable":true,"href":"https:\/\/fifaa.ee\/en\/wp-json\/wp\/v2\/product_brand?post=29887"},{"taxonomy":"product_cat","embeddable":true,"href":"https:\/\/fifaa.ee\/en\/wp-json\/wp\/v2\/product_cat?post=29887"},{"taxonomy":"product_tag","embeddable":true,"href":"https:\/\/fifaa.ee\/en\/wp-json\/wp\/v2\/product_tag?post=29887"}],"curies":[{"name":"wp","href":"https:\/\/api.w.org\/{rel}","templated":true}]}}