{"id":29888,"date":"2025-01-28T16:04:29","date_gmt":"2025-01-28T14:04:29","guid":{"rendered":"https:\/\/fifaa.ee\/?post_type=product&#038;p=29888"},"modified":"2026-04-01T16:24:36","modified_gmt":"2026-04-01T13:24:36","slug":"sobivad-rcs-taaskasutatud-plastist-avatud-korvaga-tws-korvaklapid","status":"publish","type":"product","link":"https:\/\/fifaa.ee\/en\/product\/sobivad-rcs-taaskasutatud-plastist-avatud-korvaga-tws-korvaklapid\/","title":{"rendered":"Fitsound RCS recycled plastic open ear TWS earbuds"},"content":{"rendered":"<p>Uniquely designed open wireless headphones made from RCS (Recycled Claim Standard) certified recycled ABS. The open design and ear hook make the headphones ideal for all-day wear. The earbud does not go into your ear, but is worn on the ear, so you can also hear your surroundings while listening to music. Total recycled content: 58% of the total weight of the item. RCS certification ensures a fully certified supply chain of recycled materials. The perfectly fitting headphones have a 30 mAh battery and can be recharged in the 200 mAh charging case within 1.5 hours. The automatic pairing function makes it so easy to pair with your mobile device. Playtime at medium volume approx. 5 hours. With BT 5.3 for optimal connection. Operating distance up to 10 meters. With microphone and microphone. Including RCS certified recycled TPE charging cable. Packed in FSC\u00ae mix kraft packaging. Product and accessories 100% PVC-free.<\/p>","protected":false},"excerpt":{"rendered":"<p>Unikaalse disainiga avatud juhtmevabad k\u00f5rvaklapid, mis on valmistatud RCS-i (Recycled Claim Standard) sertifitseeritud taaskasutatud ABS-ist. Avatud disain ja k\u00f5rvakonks muudavad k\u00f5rvaklapid ideaalseks kandmiseks kogu p\u00e4eva. K\u00f5rvaklapp ei l\u00e4he teie k\u00f5rva sisse, vaid seda kantakse k\u00f5rvas, nii et saate muusikat kuulates ka \u00fcmbritsevat keskkonda kuulda. Taaskasutatud kogusisaldus: 58% eseme kogukaalust. RCS-sertifikaat tagab taaskasutatud materjalide t\u00e4ielikult sertifitseeritud [&hellip;]<\/p>\n","protected":false},"featured_media":29903,"template":"","meta":{"_acf_changed":false},"product_brand":[],"product_cat":[593,596],"product_tag":[],"class_list":{"0":"post-29888","1":"product","2":"type-product","3":"status-publish","4":"has-post-thumbnail","6":"product_cat-audio","7":"product_cat-juhtmevabad-korvaklapid","8":"pa_varv-must","10":"first","11":"instock","12":"taxable","13":"shipping-taxable","14":"purchasable","15":"product-type-variable","16":"has-default-attributes"},"acf":[],"_links":{"self":[{"href":"https:\/\/fifaa.ee\/en\/wp-json\/wp\/v2\/product\/29888","targetHints":{"allow":["GET"]}}],"collection":[{"href":"https:\/\/fifaa.ee\/en\/wp-json\/wp\/v2\/product"}],"about":[{"href":"https:\/\/fifaa.ee\/en\/wp-json\/wp\/v2\/types\/product"}],"wp:featuredmedia":[{"embeddable":true,"href":"https:\/\/fifaa.ee\/en\/wp-json\/wp\/v2\/media\/29903"}],"wp:attachment":[{"href":"https:\/\/fifaa.ee\/en\/wp-json\/wp\/v2\/media?parent=29888"}],"wp:term":[{"taxonomy":"product_brand","embeddable":true,"href":"https:\/\/fifaa.ee\/en\/wp-json\/wp\/v2\/product_brand?post=29888"},{"taxonomy":"product_cat","embeddable":true,"href":"https:\/\/fifaa.ee\/en\/wp-json\/wp\/v2\/product_cat?post=29888"},{"taxonomy":"product_tag","embeddable":true,"href":"https:\/\/fifaa.ee\/en\/wp-json\/wp\/v2\/product_tag?post=29888"}],"curies":[{"name":"wp","href":"https:\/\/api.w.org\/{rel}","templated":true}]}}