{"id":29889,"date":"2025-01-28T16:04:29","date_gmt":"2025-01-28T14:04:29","guid":{"rendered":"https:\/\/fifaa.ee\/?post_type=product&#038;p=29889"},"modified":"2026-04-01T16:24:59","modified_gmt":"2026-04-01T13:24:59","slug":"soundpro-rcs-taaskasutatud-plastikust-anc-korvaklapid","status":"publish","type":"product","link":"https:\/\/fifaa.ee\/en\/product\/soundpro-rcs-taaskasutatud-plastikust-anc-korvaklapid\/","title":{"rendered":"Soundpro RCS recycled plastic ANC headphone"},"content":{"rendered":"<p>Comfortable and durable ANC wireless headphones that use BT5.3 for super-smooth connection and extra long playtime. Made from RCS (Recycled Claim Standard) certified recycled plastic. Total recycled content: 75% of the total product weight. RCS certification ensures a fully certified supply chain of recycled materials. The headphone design allows for a perfect sound experience. Foldable design for easy storage. Built-in 400 mAh rechargeable battery that allows up to 20 hours of playtime and can be fully charged in 2 hours. Operating distance up to 10 meters. ANC level: 20 dB. Includes microphone for answering phone calls. Includes RCS certified recycled TPE charging cable. Packed in FSC\u00ae mixed packaging<\/p>","protected":false},"excerpt":{"rendered":"<p>Mugavad ja vastupidavad ANC juhtmevabad k\u00f5rvaklapid, mis kasutavad BT5.3 \u00fclisujuvaks \u00fchenduseks ja eriti kauakestvaks m\u00e4nguajaks. Valmistatud RCS (Recycled Claim Standard) sertifitseeritud taaskasutatud plastist. Taaskasutatud kogusisaldus: 75% toote kogukaalust. RCS-sertifikaat tagab taaskasutatud materjalide t\u00e4ielikult sertifitseeritud tarneahela. K\u00f5rvaklappide disain v\u00f5imaldab t\u00e4iuslikku helielamust. Kokkupandav disain lihtsaks hoiustamiseks. Sisseehitatud 400 mah liitumaku, mis v\u00f5imaldab m\u00e4ngida kuni 20 tundi ja [&hellip;]<\/p>\n","protected":false},"featured_media":29905,"template":"","meta":{"_acf_changed":false},"product_brand":[],"product_cat":[593,594],"product_tag":[659],"class_list":{"0":"post-29889","1":"product","2":"type-product","3":"status-publish","4":"has-post-thumbnail","6":"product_cat-audio","7":"product_cat-korvaklapid","8":"product_tag-more-colors","9":"pa_varv-must","10":"pa_varv-valge-new","12":"first","13":"instock","14":"taxable","15":"shipping-taxable","16":"purchasable","17":"product-type-variable","18":"has-default-attributes"},"acf":[],"_links":{"self":[{"href":"https:\/\/fifaa.ee\/en\/wp-json\/wp\/v2\/product\/29889","targetHints":{"allow":["GET"]}}],"collection":[{"href":"https:\/\/fifaa.ee\/en\/wp-json\/wp\/v2\/product"}],"about":[{"href":"https:\/\/fifaa.ee\/en\/wp-json\/wp\/v2\/types\/product"}],"wp:featuredmedia":[{"embeddable":true,"href":"https:\/\/fifaa.ee\/en\/wp-json\/wp\/v2\/media\/29905"}],"wp:attachment":[{"href":"https:\/\/fifaa.ee\/en\/wp-json\/wp\/v2\/media?parent=29889"}],"wp:term":[{"taxonomy":"product_brand","embeddable":true,"href":"https:\/\/fifaa.ee\/en\/wp-json\/wp\/v2\/product_brand?post=29889"},{"taxonomy":"product_cat","embeddable":true,"href":"https:\/\/fifaa.ee\/en\/wp-json\/wp\/v2\/product_cat?post=29889"},{"taxonomy":"product_tag","embeddable":true,"href":"https:\/\/fifaa.ee\/en\/wp-json\/wp\/v2\/product_tag?post=29889"}],"curies":[{"name":"wp","href":"https:\/\/api.w.org\/{rel}","templated":true}]}}