{"id":29891,"date":"2025-01-28T16:04:29","date_gmt":"2025-01-28T14:04:29","guid":{"rendered":"https:\/\/fifaa.ee\/?post_type=product&#038;p=29891"},"modified":"2026-04-01T16:24:59","modified_gmt":"2026-04-01T13:24:59","slug":"urban-vitamin-glendale-rcs-rplastist-ohku-juhtiv-korvaklapp","status":"publish","type":"product","link":"https:\/\/fifaa.ee\/en\/product\/urban-vitamin-glendale-rcs-rplastist-ohku-juhtiv-korvaklapp\/","title":{"rendered":"Urban Vitamin Glendale RCS rplastic air conductive headphone"},"content":{"rendered":"<p>Meet Glendale, the most premium and technologically advanced headphone ever. Glendale changes the way you listen to music and exercise. The unique open design doesn&#039;t put the headphones on your ears, but on your ears, creating constant situational awareness when you&#039;re out and about. All with premium sound quality and enhanced bass. The headphones are IPX4 waterproof, so they&#039;re perfect for any workout. The comfortable and lightweight headphones are perfect for both everyday use and workouts. The battery lasts up to 10 hours on a single charge. If you have an incoming call, simply answer it with the integrated microphone. Glendale is made from RCS (Recycled Claim Standard) certified recycled ABS. Total recycled content: 17% of the total weight of the item. RCS certification ensures a fully certified supply chain of recycled materials. Urban Vitamin products are made without PVC and packaged in reduced plastic packaging.<\/p>","protected":false},"excerpt":{"rendered":"<p>Tutvuge Glendale&#8217;iga, k\u00f5igi aegade k\u00f5ige esmaklassilisema ja tehnoloogiliselt arenenuma k\u00f5rvaklapiga. Glendale muudab viisi, kuidas te muusika kuulate ja treenite. Unikaalne avatud disain ei pane k\u00f5rvaklappe k\u00f5rva, vaid nende k\u00f5rvale, luues pideva olukorrateadlikkuse, kui viibite v\u00e4ljas. Seda k\u00f5ike esmaklassilise helikvaliteediga ja t\u00e4iustatud bassiga. K\u00f5rvaklapid on IPX4 veekindlad, seega sobivad igaks treeninguks. Mugavad ja kerged k\u00f5rvaklapid sobivad [&hellip;]<\/p>\n","protected":false},"featured_media":29911,"template":"","meta":{"_acf_changed":false},"product_brand":[],"product_cat":[593,594],"product_tag":[],"class_list":{"0":"post-29891","1":"product","2":"type-product","3":"status-publish","4":"has-post-thumbnail","6":"product_cat-audio","7":"product_cat-korvaklapid","8":"pa_varv-must","10":"first","11":"instock","12":"taxable","13":"shipping-taxable","14":"purchasable","15":"product-type-variable","16":"has-default-attributes"},"acf":[],"_links":{"self":[{"href":"https:\/\/fifaa.ee\/en\/wp-json\/wp\/v2\/product\/29891","targetHints":{"allow":["GET"]}}],"collection":[{"href":"https:\/\/fifaa.ee\/en\/wp-json\/wp\/v2\/product"}],"about":[{"href":"https:\/\/fifaa.ee\/en\/wp-json\/wp\/v2\/types\/product"}],"wp:featuredmedia":[{"embeddable":true,"href":"https:\/\/fifaa.ee\/en\/wp-json\/wp\/v2\/media\/29911"}],"wp:attachment":[{"href":"https:\/\/fifaa.ee\/en\/wp-json\/wp\/v2\/media?parent=29891"}],"wp:term":[{"taxonomy":"product_brand","embeddable":true,"href":"https:\/\/fifaa.ee\/en\/wp-json\/wp\/v2\/product_brand?post=29891"},{"taxonomy":"product_cat","embeddable":true,"href":"https:\/\/fifaa.ee\/en\/wp-json\/wp\/v2\/product_cat?post=29891"},{"taxonomy":"product_tag","embeddable":true,"href":"https:\/\/fifaa.ee\/en\/wp-json\/wp\/v2\/product_tag?post=29891"}],"curies":[{"name":"wp","href":"https:\/\/api.w.org\/{rel}","templated":true}]}}