{"id":29893,"date":"2025-01-28T16:04:29","date_gmt":"2025-01-28T14:04:29","guid":{"rendered":"https:\/\/fifaa.ee\/?post_type=product&#038;p=29893"},"modified":"2026-04-01T16:25:19","modified_gmt":"2026-04-01T13:25:19","slug":"urban-vitamin-palmdale-rcs-rplastist-16w-kolar-ipx7","status":"publish","type":"product","link":"https:\/\/fifaa.ee\/en\/product\/urban-vitamin-palmdale-rcs-rplastist-16w-kolar-ipx7\/","title":{"rendered":"Urban Vitamin Palmdale RCS rplastic 16W speaker IPX7"},"content":{"rendered":"<p>The Palmdale Wireless speaker gives you the freedom to enjoy your music without limits. This durable 16W speaker is designed to withstand a variety of conditions, providing everything you need for an immersive music experience. Its practical integrated neckband and durable IPX 7 waterproof design ensure that you can take your favorite tunes with you wherever you go. You also have the option to connect two speakers using the stereo pairing function, creating authentic stereo sound. A full charge allows you to play up to 10 hours of music on a single charge. Dual subwoofers give you an unparalleled bass experience. Palmdale is made from RCS (Recycled Claim Standard) certified recycled ABS and recycled PET. Total recycled content: 35% of the total weight of the item. RCS certification ensures a fully certified supply chain of recycled materials. Urban Vitamin products are made without PVC and packaged in reduced plastic packaging<\/p>","protected":false},"excerpt":{"rendered":"<p>Palmdale Wireless k\u00f5lar annab teile vabaduse nautida muusikat ilma piiranguteta. See vastupidav 16 W k\u00f5lar on loodud taluma erinevaid tingimusi, pakkudes k\u00f5ike, mida vajate kaasahaarava muusikaelamuse jaoks. Selle praktiline integreeritud kaelapael ja vastupidav IPX 7 veekindel disain tagavad, et saate oma lemmiklood k\u00f5ikjale kaasa v\u00f5tta. Lisaks on teil v\u00f5imalus \u00fchendada kaks k\u00f5larit stereo sidumisfunktsiooni abil, [&hellip;]<\/p>\n","protected":false},"featured_media":29915,"template":"","meta":{"_acf_changed":false},"product_brand":[],"product_cat":[593,595],"product_tag":[],"class_list":{"0":"post-29893","1":"product","2":"type-product","3":"status-publish","4":"has-post-thumbnail","6":"product_cat-audio","7":"product_cat-kolarid","8":"pa_varv-must","10":"first","11":"instock","12":"taxable","13":"shipping-taxable","14":"purchasable","15":"product-type-variable","16":"has-default-attributes"},"acf":[],"_links":{"self":[{"href":"https:\/\/fifaa.ee\/en\/wp-json\/wp\/v2\/product\/29893","targetHints":{"allow":["GET"]}}],"collection":[{"href":"https:\/\/fifaa.ee\/en\/wp-json\/wp\/v2\/product"}],"about":[{"href":"https:\/\/fifaa.ee\/en\/wp-json\/wp\/v2\/types\/product"}],"wp:featuredmedia":[{"embeddable":true,"href":"https:\/\/fifaa.ee\/en\/wp-json\/wp\/v2\/media\/29915"}],"wp:attachment":[{"href":"https:\/\/fifaa.ee\/en\/wp-json\/wp\/v2\/media?parent=29893"}],"wp:term":[{"taxonomy":"product_brand","embeddable":true,"href":"https:\/\/fifaa.ee\/en\/wp-json\/wp\/v2\/product_brand?post=29893"},{"taxonomy":"product_cat","embeddable":true,"href":"https:\/\/fifaa.ee\/en\/wp-json\/wp\/v2\/product_cat?post=29893"},{"taxonomy":"product_tag","embeddable":true,"href":"https:\/\/fifaa.ee\/en\/wp-json\/wp\/v2\/product_tag?post=29893"}],"curies":[{"name":"wp","href":"https:\/\/api.w.org\/{rel}","templated":true}]}}