{"id":29895,"date":"2025-01-28T16:04:29","date_gmt":"2025-01-28T14:04:29","guid":{"rendered":"https:\/\/fifaa.ee\/?post_type=product&#038;p=29895"},"modified":"2026-04-01T16:25:48","modified_gmt":"2026-04-01T13:25:48","slug":"lakewood-rcs-taaskasutatud-ja-parandatavad-juhtmevabad-korvaklapid","status":"publish","type":"product","link":"https:\/\/fifaa.ee\/en\/product\/lakewood-rcs-taaskasutatud-ja-parandatavad-juhtmevabad-korvaklapid\/","title":{"rendered":"Lakewood RCS recycled and repairable wireless earbuds"},"content":{"rendered":"<p>Explore the future. A future where things are built to last and designed to be easy to repair. Lakewood headphones offer premium Hi-FI sound quality. With excellent quality ANC (32 DB) and ENC mode for crystal clear calls. Equipped with 6 microphones and voice assistance to further improve call quality. The ANC function can also be turned off in transparency mode. Lakewood&#039;s housing is designed with a removable battery that can be easily replaced when needed to extend the life of the headphones. With dual connection mode for connecting to multiple devices. Lakewood offers 6 hours of listening time and 20 additional hours on a single charge. The headphones are IPX5, so they are weatherproof and suitable for sports. In addition to being repairable, the headphones are made from recycled PC plastic. Total recycled content: 36% of the total weight of the item. RCS certification ensures a fully certified supply chain of recycled materials. PVC free.<\/p>","protected":false},"excerpt":{"rendered":"<p>Tutvuge tulevikuga. Tulevik, kus esemed on loodud kauem kestma ja kujundatud nii, et neid on lihtne parandada. Lakewoodi k\u00f5rvaklapid pakuvad esmaklassilist Hi-FI helikvaliteeti. Suurep\u00e4rase kvaliteediga ANC (32 DB) ja ENC re\u017eiimiga \u00fcliselgete k\u00f5nede tegemiseks. Varustatud 6 mikrofoni ja h\u00e4\u00e4labiga, et k\u00f5nekvaliteeti veelgi parandada. ANC-funktsiooni saab ka l\u00e4bipaistvusre\u017eiimis v\u00e4lja l\u00fclitada. Lakewoodi korpus on kujundatud eemaldatava akuga, [&hellip;]<\/p>\n","protected":false},"featured_media":29919,"template":"","meta":{"_acf_changed":false},"product_brand":[],"product_cat":[593,596],"product_tag":[],"class_list":{"0":"post-29895","1":"product","2":"type-product","3":"status-publish","4":"has-post-thumbnail","6":"product_cat-audio","7":"product_cat-juhtmevabad-korvaklapid","8":"pa_varv-must","10":"first","11":"instock","12":"taxable","13":"shipping-taxable","14":"purchasable","15":"product-type-variable","16":"has-default-attributes"},"acf":[],"_links":{"self":[{"href":"https:\/\/fifaa.ee\/en\/wp-json\/wp\/v2\/product\/29895","targetHints":{"allow":["GET"]}}],"collection":[{"href":"https:\/\/fifaa.ee\/en\/wp-json\/wp\/v2\/product"}],"about":[{"href":"https:\/\/fifaa.ee\/en\/wp-json\/wp\/v2\/types\/product"}],"wp:featuredmedia":[{"embeddable":true,"href":"https:\/\/fifaa.ee\/en\/wp-json\/wp\/v2\/media\/29919"}],"wp:attachment":[{"href":"https:\/\/fifaa.ee\/en\/wp-json\/wp\/v2\/media?parent=29895"}],"wp:term":[{"taxonomy":"product_brand","embeddable":true,"href":"https:\/\/fifaa.ee\/en\/wp-json\/wp\/v2\/product_brand?post=29895"},{"taxonomy":"product_cat","embeddable":true,"href":"https:\/\/fifaa.ee\/en\/wp-json\/wp\/v2\/product_cat?post=29895"},{"taxonomy":"product_tag","embeddable":true,"href":"https:\/\/fifaa.ee\/en\/wp-json\/wp\/v2\/product_tag?post=29895"}],"curies":[{"name":"wp","href":"https:\/\/api.w.org\/{rel}","templated":true}]}}