{"id":29896,"date":"2025-01-28T16:04:29","date_gmt":"2025-01-28T14:04:29","guid":{"rendered":"https:\/\/fifaa.ee\/?post_type=product&#038;p=29896"},"modified":"2026-04-01T16:25:48","modified_gmt":"2026-04-01T13:25:48","slug":"urban-vitamin-long-beach-enc-plastikust-juhtmevabad-korvaklapid","status":"publish","type":"product","link":"https:\/\/fifaa.ee\/en\/product\/urban-vitamin-long-beach-enc-plastikust-juhtmevabad-korvaklapid\/","title":{"rendered":"Urban Vitamin Long Beach ENC rplastic wireless earbuds"},"content":{"rendered":"<p>Meet the new generation of stylish headphones with the Long Beach Open Wireless Headphones. These headphones don&#039;t go in your ear, but rather attach to your ear, keeping them perfectly in place. So you can enjoy your favorite music while also listening to the world around you. Listen to music and life at the same time with rich, private sound. Since the headphones don&#039;t go in your ear, they are extremely comfortable to wear. Smooth controls make it easy to use. Battery life for the headphones is 6.5 hours and the case is 20 hours. With ENC, all your calls will be crystal clear. IPX 4 waterproof. The Long Beach Open Headphones are made from RCS (Recycled Claim Standard) certified recycled ABS. Total recycled content: 15% of the total weight of the item. Urban Vitamin products are made without PVC and packaged in reduced plastic packaging<\/p>","protected":false},"excerpt":{"rendered":"<p>Tutvuge uue p\u00f5lvkonna stiilsete k\u00f5rvaklappidega Long Beachi avatud juhtmevabade k\u00f5rvaklappidega. Need k\u00f5rvaklapid ei l\u00e4he teie k\u00f5rva sisse, vaid kinnitatakse k\u00f5rva k\u00fclge, hoides neid ideaalselt paigal. Nii saate nautida oma lemmikmuusikat, kuid kuulata ka \u00fcmbritsevat maailma. Kuulake muusikat ja elu korraga rikkaliku privaatse heliga. Kuna k\u00f5rvaklapid ei l\u00e4he k\u00f5rva sisse, on neid \u00fclimugav kanda. Sujuv juhtimine [&hellip;]<\/p>\n","protected":false},"featured_media":29921,"template":"","meta":{"_acf_changed":false},"product_brand":[],"product_cat":[593,596],"product_tag":[],"class_list":{"0":"post-29896","1":"product","2":"type-product","3":"status-publish","4":"has-post-thumbnail","6":"product_cat-audio","7":"product_cat-juhtmevabad-korvaklapid","8":"pa_varv-must","10":"first","11":"instock","12":"taxable","13":"shipping-taxable","14":"purchasable","15":"product-type-variable","16":"has-default-attributes"},"acf":[],"_links":{"self":[{"href":"https:\/\/fifaa.ee\/en\/wp-json\/wp\/v2\/product\/29896","targetHints":{"allow":["GET"]}}],"collection":[{"href":"https:\/\/fifaa.ee\/en\/wp-json\/wp\/v2\/product"}],"about":[{"href":"https:\/\/fifaa.ee\/en\/wp-json\/wp\/v2\/types\/product"}],"wp:featuredmedia":[{"embeddable":true,"href":"https:\/\/fifaa.ee\/en\/wp-json\/wp\/v2\/media\/29921"}],"wp:attachment":[{"href":"https:\/\/fifaa.ee\/en\/wp-json\/wp\/v2\/media?parent=29896"}],"wp:term":[{"taxonomy":"product_brand","embeddable":true,"href":"https:\/\/fifaa.ee\/en\/wp-json\/wp\/v2\/product_brand?post=29896"},{"taxonomy":"product_cat","embeddable":true,"href":"https:\/\/fifaa.ee\/en\/wp-json\/wp\/v2\/product_cat?post=29896"},{"taxonomy":"product_tag","embeddable":true,"href":"https:\/\/fifaa.ee\/en\/wp-json\/wp\/v2\/product_tag?post=29896"}],"curies":[{"name":"wp","href":"https:\/\/api.w.org\/{rel}","templated":true}]}}