{"id":29897,"date":"2025-01-28T16:04:29","date_gmt":"2025-01-28T14:04:29","guid":{"rendered":"https:\/\/fifaa.ee\/?post_type=product&#038;p=29897"},"modified":"2026-04-01T16:25:48","modified_gmt":"2026-04-01T13:25:48","slug":"urban-vitamin-oceanside-rcs-taaskasutatud-plastikust-3w-kolar","status":"publish","type":"product","link":"https:\/\/fifaa.ee\/en\/product\/urban-vitamin-oceanside-rcs-taaskasutatud-plastikust-3w-kolar\/","title":{"rendered":"Urban Vitamin Oceanside RCS recycled plastic 3W speaker"},"content":{"rendered":"<p>Take a look at Oceanside. This 3W speaker is pocket-sized, but it delivers powerful sound wherever you go! Where does that bass come from? Oceanside even delivers it to you with its small but powerful subwoofer. Unlike many other small speakers, Oceanside plays for up to 17 hours (at 50% volume), keeping you going for hours. Oceanside is made from RCS (Recycled Claim Standard) certified recycled ABS and recycled PET. Total recycled content: 39% of the total weight of the item. Urban Vitamin products are made without PVC and packaged in reduced plastic packaging<\/p>","protected":false},"excerpt":{"rendered":"<p>Heitke pilk ookeani poolele. See 3 W k\u00f5lar on taskusuurune, kuid loob v\u00f5imsa heli k\u00f5ikjal, kuhu l\u00e4hete! Kust see bass tuleb? Oceanside annab selle teieni isegi oma v\u00e4ikese, kuid v\u00f5imsa subwooferiga. Erinevalt paljudest teistest v\u00e4ikestest k\u00f5laritest m\u00e4ngib Oceanside kuni 17 tundi (50% helitugevusega), hoides teid tundide kaupa vaevlemas. Oceanside on valmistatud RCS-i (Recycled Claim Standard) [&hellip;]<\/p>\n","protected":false},"featured_media":29923,"template":"","meta":{"_acf_changed":false},"product_brand":[],"product_cat":[593,595],"product_tag":[],"class_list":{"0":"post-29897","1":"product","2":"type-product","3":"status-publish","4":"has-post-thumbnail","6":"product_cat-audio","7":"product_cat-kolarid","8":"pa_varv-must","10":"first","11":"instock","12":"taxable","13":"shipping-taxable","14":"purchasable","15":"product-type-variable","16":"has-default-attributes"},"acf":[],"_links":{"self":[{"href":"https:\/\/fifaa.ee\/en\/wp-json\/wp\/v2\/product\/29897","targetHints":{"allow":["GET"]}}],"collection":[{"href":"https:\/\/fifaa.ee\/en\/wp-json\/wp\/v2\/product"}],"about":[{"href":"https:\/\/fifaa.ee\/en\/wp-json\/wp\/v2\/types\/product"}],"wp:featuredmedia":[{"embeddable":true,"href":"https:\/\/fifaa.ee\/en\/wp-json\/wp\/v2\/media\/29923"}],"wp:attachment":[{"href":"https:\/\/fifaa.ee\/en\/wp-json\/wp\/v2\/media?parent=29897"}],"wp:term":[{"taxonomy":"product_brand","embeddable":true,"href":"https:\/\/fifaa.ee\/en\/wp-json\/wp\/v2\/product_brand?post=29897"},{"taxonomy":"product_cat","embeddable":true,"href":"https:\/\/fifaa.ee\/en\/wp-json\/wp\/v2\/product_cat?post=29897"},{"taxonomy":"product_tag","embeddable":true,"href":"https:\/\/fifaa.ee\/en\/wp-json\/wp\/v2\/product_tag?post=29897"}],"curies":[{"name":"wp","href":"https:\/\/api.w.org\/{rel}","templated":true}]}}