{"id":29898,"date":"2025-01-28T16:04:29","date_gmt":"2025-01-28T14:04:29","guid":{"rendered":"https:\/\/fifaa.ee\/?post_type=product&#038;p=29898"},"modified":"2026-04-01T16:26:13","modified_gmt":"2026-04-01T13:26:13","slug":"urban-vitamin-anaheim-rcs-taaskasutatud-10-w-kolariga-15-w-laadija","status":"publish","type":"product","link":"https:\/\/fifaa.ee\/en\/product\/urban-vitamin-anaheim-rcs-taaskasutatud-10-w-kolariga-15-w-laadija\/","title":{"rendered":"Urban Vitamin Anaheim RCS recycled 10W speaker 15W charger"},"content":{"rendered":"<p>Rock out with the Urban Vitamin Anaheim! This 10W speaker delivers great sound and up to 8 hours of playtime. Plus, it features a 15W magnetic wireless charger to power your devices while you listen. Need to take a call? The built-in microphone keeps you safe. Made from RCS RPET fabric and recycled ABS, it&#039;s stylish and eco-friendly, with 37% recycled content and RCS certification. It also includes a 120cm recycled USB-C cable, all in reduced plastic packaging - and it&#039;s PVC-free. Enjoy music and charging in one elegant package!<\/p>","protected":false},"excerpt":{"rendered":"<p>Rokige koos Urban Vitamin Anaheimiga! See 10 W k\u00f5lar pakub suurep\u00e4rast heli ja kuni 8 tundi m\u00e4nguaega. Lisaks on sellel 15 W magnetiline juhtmevaba laadija, mis annab teie seadmete toiteks kuulamise ajal. Kas on vaja helistada? Sisseehitatud mikrofon kaitseb teid. Valmistatud RCS RPET-kangast ja taaskasutatud ABS-st, on see stiilne ja keskkonnas\u00f5bralik, 37% taaskasutatud sisu ja [&hellip;]<\/p>\n","protected":false},"featured_media":29925,"template":"","meta":{"_acf_changed":false},"product_brand":[],"product_cat":[593,595],"product_tag":[],"class_list":{"0":"post-29898","1":"product","2":"type-product","3":"status-publish","4":"has-post-thumbnail","6":"product_cat-audio","7":"product_cat-kolarid","8":"pa_varv-must","10":"first","11":"instock","12":"taxable","13":"shipping-taxable","14":"purchasable","15":"product-type-variable","16":"has-default-attributes"},"acf":[],"_links":{"self":[{"href":"https:\/\/fifaa.ee\/en\/wp-json\/wp\/v2\/product\/29898","targetHints":{"allow":["GET"]}}],"collection":[{"href":"https:\/\/fifaa.ee\/en\/wp-json\/wp\/v2\/product"}],"about":[{"href":"https:\/\/fifaa.ee\/en\/wp-json\/wp\/v2\/types\/product"}],"wp:featuredmedia":[{"embeddable":true,"href":"https:\/\/fifaa.ee\/en\/wp-json\/wp\/v2\/media\/29925"}],"wp:attachment":[{"href":"https:\/\/fifaa.ee\/en\/wp-json\/wp\/v2\/media?parent=29898"}],"wp:term":[{"taxonomy":"product_brand","embeddable":true,"href":"https:\/\/fifaa.ee\/en\/wp-json\/wp\/v2\/product_brand?post=29898"},{"taxonomy":"product_cat","embeddable":true,"href":"https:\/\/fifaa.ee\/en\/wp-json\/wp\/v2\/product_cat?post=29898"},{"taxonomy":"product_tag","embeddable":true,"href":"https:\/\/fifaa.ee\/en\/wp-json\/wp\/v2\/product_tag?post=29898"}],"curies":[{"name":"wp","href":"https:\/\/api.w.org\/{rel}","templated":true}]}}