{"id":29983,"date":"2025-01-28T16:05:03","date_gmt":"2025-01-28T14:05:03","guid":{"rendered":"https:\/\/fifaa.ee\/?post_type=product&#038;p=29983"},"modified":"2026-04-01T16:26:58","modified_gmt":"2026-04-01T13:26:58","slug":"impact-aware-xl-rpet-kahevarviline-korgidetailidega-kulmakott","status":"publish","type":"product","link":"https:\/\/fifaa.ee\/en\/product\/impact-aware-xl-rpet-kahevarviline-korgidetailidega-kulmakott\/","title":{"rendered":"Impact AWARE\u2122 XL RPET two tone cooler bag with cork detail"},"content":{"rendered":"<p>This Impact AWARE\u2122 XL RPET Two-Tone Cooler Bag with Cork Detail is a great fit for your favorite meals. Made with soft yet durable insulation and a wide mouth, you can easily pack everything from your favorite drinks and snacks to a larger lunch. The cooler bag holds up to 12 cans. The exterior is made from two-tone 50% recycled polyester, with a PEVA lining and stylish cork detail around the edge. The exterior features the AWARE\u2122 label, confirming the genuine use of recycled materials. Each bag is made from 7.1 0.5L PET bottles. 2% of the proceeds from every Impact product sold is donated to Water.org.<\/p>","protected":false},"excerpt":{"rendered":"<p>See Impact AWARE\u2122 XL RPET kahev\u00e4rviline korkdetailidega jahutuskott sobib h\u00f5lpsalt teie lemmiktoidukordadeks. Valmistatud pehme, kuid vastupidava isolatsiooni ja laia suuavaga, saate h\u00f5lpsalt kaasa pakkida k\u00f5ike alates lemmikjookidest ja suupistetest kuni suurema l\u00f5unas\u00f6\u00f6gini. K\u00fclmakotti mahub kuni 12 purki. V\u00e4lispind on valmistatud kahev\u00e4rvilisest 50% taaskasutatud pol\u00fcestrist, vooder on PEVA ja stiilne korgist detail \u00fcmber serva. V\u00e4lispinnal on [&hellip;]<\/p>\n","protected":false},"featured_media":30008,"template":"","meta":{"_acf_changed":false},"product_brand":[],"product_cat":[232,628],"product_tag":[659],"class_list":{"0":"post-29983","1":"product","2":"type-product","3":"status-publish","4":"has-post-thumbnail","6":"product_cat-kotid","7":"product_cat-kulmakott","8":"product_tag-more-colors","9":"pa_varv-must","10":"pa_varv-roheline","11":"pa_varv-sinine","13":"first","14":"instock","15":"taxable","16":"shipping-taxable","17":"purchasable","18":"product-type-variable","19":"has-default-attributes"},"acf":[],"_links":{"self":[{"href":"https:\/\/fifaa.ee\/en\/wp-json\/wp\/v2\/product\/29983","targetHints":{"allow":["GET"]}}],"collection":[{"href":"https:\/\/fifaa.ee\/en\/wp-json\/wp\/v2\/product"}],"about":[{"href":"https:\/\/fifaa.ee\/en\/wp-json\/wp\/v2\/types\/product"}],"wp:featuredmedia":[{"embeddable":true,"href":"https:\/\/fifaa.ee\/en\/wp-json\/wp\/v2\/media\/30008"}],"wp:attachment":[{"href":"https:\/\/fifaa.ee\/en\/wp-json\/wp\/v2\/media?parent=29983"}],"wp:term":[{"taxonomy":"product_brand","embeddable":true,"href":"https:\/\/fifaa.ee\/en\/wp-json\/wp\/v2\/product_brand?post=29983"},{"taxonomy":"product_cat","embeddable":true,"href":"https:\/\/fifaa.ee\/en\/wp-json\/wp\/v2\/product_cat?post=29983"},{"taxonomy":"product_tag","embeddable":true,"href":"https:\/\/fifaa.ee\/en\/wp-json\/wp\/v2\/product_tag?post=29983"}],"curies":[{"name":"wp","href":"https:\/\/api.w.org\/{rel}","templated":true}]}}