{"id":29984,"date":"2025-01-28T16:05:03","date_gmt":"2025-01-28T14:05:03","guid":{"rendered":"https:\/\/fifaa.ee\/?post_type=product&#038;p=29984"},"modified":"2026-04-01T16:27:19","modified_gmt":"2026-04-01T13:27:19","slug":"exploreri-keskmine-valikott","status":"publish","type":"product","link":"https:\/\/fifaa.ee\/en\/product\/exploreri-keskmine-valikott\/","title":{"rendered":"Explorer medium outdoor cooler bag"},"content":{"rendered":"<p>This medium outdoor cooler bag is just what you need to take anywhere, while keeping your food and drinks nice and cool. Its wide mouth opening makes it easy to load and access your food and drinks. Its compact cubed body means ultimate portability. Sturdy handles for easy carrying and an external front pocket to store all your essentials. Holds up to 20 cans. Ribstop and tarpaulin exterior, 100% PEVA interior.<\/p>","protected":false},"excerpt":{"rendered":"<p>See keskmine v\u00e4lik\u00fclmakott on just see, mida vajate k\u00f5ikjale, hoides samal ajal oma toitu ja jooke m\u00f5nusalt jahedana. Selle laia suuga ava teeb lihtsaks laadimise ning juurdep\u00e4\u00e4su teie toidule ja jookidele. Selle kompaktne kuubikutega korpus t\u00e4hendab \u00fclimat kaasaskantavust. Tugevad k\u00e4epidemed h\u00f5lpsaks kaasaskandmiseks ja v\u00e4line esitasku, kuhu mahutada k\u00f5ik vajalikud asjad. Mahutab kuni 20 purki. V\u00e4ljast [&hellip;]<\/p>\n","protected":false},"featured_media":30014,"template":"","meta":{"_acf_changed":false},"product_brand":[],"product_cat":[232,628],"product_tag":[],"class_list":{"0":"post-29984","1":"product","2":"type-product","3":"status-publish","4":"has-post-thumbnail","6":"product_cat-kotid","7":"product_cat-kulmakott","8":"pa_varv-must","10":"first","11":"instock","12":"taxable","13":"shipping-taxable","14":"purchasable","15":"product-type-variable","16":"has-default-attributes"},"acf":[],"_links":{"self":[{"href":"https:\/\/fifaa.ee\/en\/wp-json\/wp\/v2\/product\/29984","targetHints":{"allow":["GET"]}}],"collection":[{"href":"https:\/\/fifaa.ee\/en\/wp-json\/wp\/v2\/product"}],"about":[{"href":"https:\/\/fifaa.ee\/en\/wp-json\/wp\/v2\/types\/product"}],"wp:featuredmedia":[{"embeddable":true,"href":"https:\/\/fifaa.ee\/en\/wp-json\/wp\/v2\/media\/30014"}],"wp:attachment":[{"href":"https:\/\/fifaa.ee\/en\/wp-json\/wp\/v2\/media?parent=29984"}],"wp:term":[{"taxonomy":"product_brand","embeddable":true,"href":"https:\/\/fifaa.ee\/en\/wp-json\/wp\/v2\/product_brand?post=29984"},{"taxonomy":"product_cat","embeddable":true,"href":"https:\/\/fifaa.ee\/en\/wp-json\/wp\/v2\/product_cat?post=29984"},{"taxonomy":"product_tag","embeddable":true,"href":"https:\/\/fifaa.ee\/en\/wp-json\/wp\/v2\/product_tag?post=29984"}],"curies":[{"name":"wp","href":"https:\/\/api.w.org\/{rel}","templated":true}]}}