{"id":29985,"date":"2025-01-28T16:05:03","date_gmt":"2025-01-28T14:05:03","guid":{"rendered":"https:\/\/fifaa.ee\/?post_type=product&#038;p=29985"},"modified":"2026-04-01T16:27:19","modified_gmt":"2026-04-01T13:27:19","slug":"impact-aware-urban-valikulmakott","status":"publish","type":"product","link":"https:\/\/fifaa.ee\/en\/product\/impact-aware-urban-valikulmakott\/","title":{"rendered":"Impact AWARE\u2122 Urban outdoor cooler bag"},"content":{"rendered":"<p>If you need an outdoor-inspired cooler bag that holds more than you think, this is the cooler bag for you. Pack a lunch for two and take it with you on a hike, a picnic in the park, or to work. It&#039;s easy to carry and comes with an adjustable strap. An easy-access opening ensures you can grab your lunch at a glance. The cooler bag holds up to 12 cans. AWARE\u2122 labeled to verify genuine recycled materials. Each bag contains 7.8 recycled 0.5L PET bottles. 2% of the proceeds from every Impact product sold is donated to Water.org.<\/p>","protected":false},"excerpt":{"rendered":"<p>Kui vajate \u00f5uest inspireeritud k\u00fclmakotti, mis mahutab rohkem, kui arvate, siis see on teie jaoks sobiv k\u00fclmakott. Paki l\u00f5unas\u00f6\u00f6k kahele kaasa ja v\u00f5ta see kaasa matkale, parki piknikule v\u00f5i t\u00f6\u00f6le. Seda on lihtne kaasas kanda ja kaasas on reguleeritav rihm. Kergesti ligip\u00e4\u00e4setav ava tagab, et saate l\u00f5unas\u00f6\u00f6gi \u00fche pilguga kaasa haarata. K\u00fclmakotti mahub kuni 12 [&hellip;]<\/p>\n","protected":false},"featured_media":30016,"template":"","meta":{"_acf_changed":false},"product_brand":[],"product_cat":[232,628],"product_tag":[659],"class_list":{"0":"post-29985","1":"product","2":"type-product","3":"status-publish","4":"has-post-thumbnail","6":"product_cat-kotid","7":"product_cat-kulmakott","8":"product_tag-more-colors","9":"pa_varv-hall","10":"pa_varv-must","11":"pa_varv-roheline","12":"pa_varv-sinine","14":"first","15":"instock","16":"taxable","17":"shipping-taxable","18":"purchasable","19":"product-type-variable","20":"has-default-attributes"},"acf":[],"_links":{"self":[{"href":"https:\/\/fifaa.ee\/en\/wp-json\/wp\/v2\/product\/29985","targetHints":{"allow":["GET"]}}],"collection":[{"href":"https:\/\/fifaa.ee\/en\/wp-json\/wp\/v2\/product"}],"about":[{"href":"https:\/\/fifaa.ee\/en\/wp-json\/wp\/v2\/types\/product"}],"wp:featuredmedia":[{"embeddable":true,"href":"https:\/\/fifaa.ee\/en\/wp-json\/wp\/v2\/media\/30016"}],"wp:attachment":[{"href":"https:\/\/fifaa.ee\/en\/wp-json\/wp\/v2\/media?parent=29985"}],"wp:term":[{"taxonomy":"product_brand","embeddable":true,"href":"https:\/\/fifaa.ee\/en\/wp-json\/wp\/v2\/product_brand?post=29985"},{"taxonomy":"product_cat","embeddable":true,"href":"https:\/\/fifaa.ee\/en\/wp-json\/wp\/v2\/product_cat?post=29985"},{"taxonomy":"product_tag","embeddable":true,"href":"https:\/\/fifaa.ee\/en\/wp-json\/wp\/v2\/product_tag?post=29985"}],"curies":[{"name":"wp","href":"https:\/\/api.w.org\/{rel}","templated":true}]}}