{"id":29986,"date":"2025-01-28T16:05:03","date_gmt":"2025-01-28T14:05:03","guid":{"rendered":"https:\/\/fifaa.ee\/?post_type=product&#038;p=29986"},"modified":"2026-04-01T16:27:19","modified_gmt":"2026-04-01T13:27:19","slug":"impact-aware-16-untsi-rcanvas-kulmakott","status":"publish","type":"product","link":"https:\/\/fifaa.ee\/en\/product\/impact-aware-16-untsi-rcanvas-kulmakott\/","title":{"rendered":"Impact AWARE\u2122 16 oz. rcanvas cooler bag"},"content":{"rendered":"<p>Pack your favorite foods or drinks in this chic cooler bag! This beautiful 16oz. recycled canvas cooler bag holds up to 20 cans. 2 mesh side pockets and 1 front pocket for additional storage. With beautiful PU details. AWARE\u2122 marking confirms the genuine use of recycled canvas. 2% of the proceeds from every Impact product sold is donated to Water.org. Made of 60% recycled cotton and 40% recycled polyester. PEVA lining.<\/p>","protected":false},"excerpt":{"rendered":"<p>Pakkige oma lemmiktoidud v\u00f5i -joogid sellesse \u0161ikki k\u00fclmakotti! See ilus 16oz. taaskasutatud l\u00f5uendist suur jahutuskott mahutab kuni 20 purki. 2 v\u00f5rgust k\u00fcljetasku ja 1 esitasku t\u00e4iendavaks hoiustamiseks. Kaunite PU detailidega. AWARE\u2122 m\u00e4rgistus kinnitab taaskasutatud l\u00f5uendi ehtsat kasutamist. 2% iga m\u00fc\u00fcdud Impacti toote tulust annetatakse veebisaidile Water.org. Koostis 60% taaskasutatud puuvill ja 40% taaskasutatud pol\u00fcester. Vooder [&hellip;]<\/p>\n","protected":false},"featured_media":30024,"template":"","meta":{"_acf_changed":false},"product_brand":[],"product_cat":[232,628],"product_tag":[659],"class_list":{"0":"post-29986","1":"product","2":"type-product","3":"status-publish","4":"has-post-thumbnail","6":"product_cat-kotid","7":"product_cat-kulmakott","8":"product_tag-more-colors","9":"pa_varv-hall","10":"pa_varv-must","11":"pa_varv-roheline","12":"pa_varv-sinine","13":"pa_varv-valge-new","15":"first","16":"instock","17":"taxable","18":"shipping-taxable","19":"purchasable","20":"product-type-variable","21":"has-default-attributes"},"acf":[],"_links":{"self":[{"href":"https:\/\/fifaa.ee\/en\/wp-json\/wp\/v2\/product\/29986","targetHints":{"allow":["GET"]}}],"collection":[{"href":"https:\/\/fifaa.ee\/en\/wp-json\/wp\/v2\/product"}],"about":[{"href":"https:\/\/fifaa.ee\/en\/wp-json\/wp\/v2\/types\/product"}],"wp:featuredmedia":[{"embeddable":true,"href":"https:\/\/fifaa.ee\/en\/wp-json\/wp\/v2\/media\/30024"}],"wp:attachment":[{"href":"https:\/\/fifaa.ee\/en\/wp-json\/wp\/v2\/media?parent=29986"}],"wp:term":[{"taxonomy":"product_brand","embeddable":true,"href":"https:\/\/fifaa.ee\/en\/wp-json\/wp\/v2\/product_brand?post=29986"},{"taxonomy":"product_cat","embeddable":true,"href":"https:\/\/fifaa.ee\/en\/wp-json\/wp\/v2\/product_cat?post=29986"},{"taxonomy":"product_tag","embeddable":true,"href":"https:\/\/fifaa.ee\/en\/wp-json\/wp\/v2\/product_tag?post=29986"}],"curies":[{"name":"wp","href":"https:\/\/api.w.org\/{rel}","templated":true}]}}