{"id":30027,"date":"2025-01-28T16:05:23","date_gmt":"2025-01-28T14:05:23","guid":{"rendered":"https:\/\/fifaa.ee\/?post_type=product&#038;p=30027"},"modified":"2026-04-01T16:27:41","modified_gmt":"2026-04-01T13:27:41","slug":"swiss-peak-aware-1200d-luksuslik-jahedam-seljakott","status":"publish","type":"product","link":"https:\/\/fifaa.ee\/en\/product\/swiss-peak-aware-1200d-luksuslik-jahedam-seljakott\/","title":{"rendered":"Swiss Peak AWARE\u2122 1200D deluxe cooler backpack"},"content":{"rendered":"<p>This luxurious Swiss Peak AWARE\u2122 cooler backpack is perfect for wherever you need a cold drink or meal. The backpack has a wide opening for easy access to your food and drinks. A zippered top pocket ensures you can stash everything you need. Holds up to 6 bottles or 25 cans. AWARE\u2122 label confirms genuine use of recycled materials. Each cooler backpack is made with 13.9 PET bottles. 2% of the proceeds from every AWARE\u2122 product sold is donated to Water.org. Exterior composition 100% recycled polyester. PEVA lining.<\/p>","protected":false},"excerpt":{"rendered":"<p>See luksuslik Swiss Peak AWARE\u2122 jahedam seljakott sobib k\u00f5ikjale, kus vajate k\u00fclma jooki v\u00f5i s\u00f6\u00f6ki. Seljakotil on lai avaus, mis v\u00f5imaldab h\u00f5lpsat juurdep\u00e4\u00e4su teie toidule ja jookidele. T\u00f5mblukuga \u00fclemine tasku tagab, et saate k\u00f5ik vajaliku \u00e4ra panna. Mahutab kuni 6 pudelit v\u00f5i 25 purki. AWARE\u2122 m\u00e4rgistusega, mis kinnitab taaskasutatud materjalide ehtsat kasutamist. Iga jahedama seljakott [&hellip;]<\/p>\n","protected":false},"featured_media":30053,"template":"","meta":{"_acf_changed":false},"product_brand":[],"product_cat":[232,628],"product_tag":[],"class_list":{"0":"post-30027","1":"product","2":"type-product","3":"status-publish","4":"has-post-thumbnail","6":"product_cat-kotid","7":"product_cat-kulmakott","8":"pa_varv-must","10":"first","11":"instock","12":"taxable","13":"shipping-taxable","14":"purchasable","15":"product-type-variable","16":"has-default-attributes"},"acf":[],"_links":{"self":[{"href":"https:\/\/fifaa.ee\/en\/wp-json\/wp\/v2\/product\/30027","targetHints":{"allow":["GET"]}}],"collection":[{"href":"https:\/\/fifaa.ee\/en\/wp-json\/wp\/v2\/product"}],"about":[{"href":"https:\/\/fifaa.ee\/en\/wp-json\/wp\/v2\/types\/product"}],"wp:featuredmedia":[{"embeddable":true,"href":"https:\/\/fifaa.ee\/en\/wp-json\/wp\/v2\/media\/30053"}],"wp:attachment":[{"href":"https:\/\/fifaa.ee\/en\/wp-json\/wp\/v2\/media?parent=30027"}],"wp:term":[{"taxonomy":"product_brand","embeddable":true,"href":"https:\/\/fifaa.ee\/en\/wp-json\/wp\/v2\/product_brand?post=30027"},{"taxonomy":"product_cat","embeddable":true,"href":"https:\/\/fifaa.ee\/en\/wp-json\/wp\/v2\/product_cat?post=30027"},{"taxonomy":"product_tag","embeddable":true,"href":"https:\/\/fifaa.ee\/en\/wp-json\/wp\/v2\/product_tag?post=30027"}],"curies":[{"name":"wp","href":"https:\/\/api.w.org\/{rel}","templated":true}]}}