{"id":30029,"date":"2025-01-28T16:05:23","date_gmt":"2025-01-28T14:05:23","guid":{"rendered":"https:\/\/fifaa.ee\/?post_type=product&#038;p=30029"},"modified":"2026-04-01T16:27:41","modified_gmt":"2026-04-01T13:27:41","slug":"impact-aware-suur-kulmakott","status":"publish","type":"product","link":"https:\/\/fifaa.ee\/en\/product\/impact-aware-suur-kulmakott\/","title":{"rendered":"Impact AWARE\u2122 large cooler bag"},"content":{"rendered":"<p>Pack your favorite food or drinks in this cooler bag! This beautiful large cooler bag holds up to 20 cans. With a front pocket for additional storage. All hardware details are the same color as the exterior. Includes the AWARE\u2122 label, which confirms the genuine use of recycled materials. 10.3 PET bottles were reused in each cooler bag. 2% of the proceeds from every Impact product sold is donated to Water.org. Exterior composition 100% recycled polyester. PEVA lining.<\/p>","protected":false},"excerpt":{"rendered":"<p>Pakkige oma lemmiks\u00f6\u00f6k v\u00f5i -joogid sellesse k\u00fclmakotti! See kaunis suur jahutuskott mahutab kuni 20 purki. \u00dche esitaskuga t\u00e4iendavaks hoiustamiseks. K\u00f5ik riistvara detailid on v\u00e4lisilmega sama v\u00e4rvi. Sisaldab m\u00e4rgist AWARE\u2122, mis kinnitab taaskasutatud materjalide ehtsat kasutamist. Igas k\u00fclmakotis kasutati uuesti 10,3 PET-pudelit. 2% iga m\u00fc\u00fcdud Impacti toote tulust annetatakse veebisaidile Water.org. V\u00e4liskoostis 100% taaskasutatud pol\u00fcester. Vooder [&hellip;]<\/p>\n","protected":false},"featured_media":30057,"template":"","meta":{"_acf_changed":false},"product_brand":[],"product_cat":[232,628],"product_tag":[659],"class_list":{"0":"post-30029","1":"product","2":"type-product","3":"status-publish","4":"has-post-thumbnail","6":"product_cat-kotid","7":"product_cat-kulmakott","8":"product_tag-more-colors","9":"pa_varv-beez","10":"pa_varv-must","11":"pa_varv-oranz","12":"pa_varv-roheline","13":"pa_varv-sinine","15":"first","16":"instock","17":"taxable","18":"shipping-taxable","19":"purchasable","20":"product-type-variable","21":"has-default-attributes"},"acf":[],"_links":{"self":[{"href":"https:\/\/fifaa.ee\/en\/wp-json\/wp\/v2\/product\/30029","targetHints":{"allow":["GET"]}}],"collection":[{"href":"https:\/\/fifaa.ee\/en\/wp-json\/wp\/v2\/product"}],"about":[{"href":"https:\/\/fifaa.ee\/en\/wp-json\/wp\/v2\/types\/product"}],"wp:featuredmedia":[{"embeddable":true,"href":"https:\/\/fifaa.ee\/en\/wp-json\/wp\/v2\/media\/30057"}],"wp:attachment":[{"href":"https:\/\/fifaa.ee\/en\/wp-json\/wp\/v2\/media?parent=30029"}],"wp:term":[{"taxonomy":"product_brand","embeddable":true,"href":"https:\/\/fifaa.ee\/en\/wp-json\/wp\/v2\/product_brand?post=30029"},{"taxonomy":"product_cat","embeddable":true,"href":"https:\/\/fifaa.ee\/en\/wp-json\/wp\/v2\/product_cat?post=30029"},{"taxonomy":"product_tag","embeddable":true,"href":"https:\/\/fifaa.ee\/en\/wp-json\/wp\/v2\/product_tag?post=30029"}],"curies":[{"name":"wp","href":"https:\/\/api.w.org\/{rel}","templated":true}]}}