{"id":30030,"date":"2025-01-28T16:05:23","date_gmt":"2025-01-28T14:05:23","guid":{"rendered":"https:\/\/fifaa.ee\/?post_type=product&#038;p=30030"},"modified":"2026-04-01T16:27:41","modified_gmt":"2026-04-01T13:27:41","slug":"impact-aware-285-gsm-rcanvas-varvimata-kulmakott","status":"publish","type":"product","link":"https:\/\/fifaa.ee\/en\/product\/impact-aware-285-gsm-rcanvas-varvimata-kulmakott\/","title":{"rendered":"Impact Aware\u2122 285 gsm rcanvas cooler bag undyed"},"content":{"rendered":"<p>The Impact Aware\u2122 285 gsm Recycled Canvas Small Cooler Bag keeps your favorite foods and drinks cold, from picnics to road trips, and then folds flat to save space. Holds up to 8 cans. AWARE\u2122 label, which confirms the genuine use of recycled materials. Recycled canvas is undyed and used raw, without the use of dyes or bleaching chemicals. 2% of the proceeds from every Impact product sold is donated to Water.org. Composition 70% recycled cotton, 30% recycled polyester; insulation silver foil.<\/p>","protected":false},"excerpt":{"rendered":"<p>Impact Aware\u2122 285 gsm taaskasutatud l\u00f5uendist v\u00e4ike jahutuskott hoiab teie lemmiktoidud ja -joogid k\u00fclmana, alates piknikust kuni maanteeretkedeni, ning seej\u00e4rel volditakse ruumi s\u00e4\u00e4stmiseks kokku. Mahutab kuni 8 purki. AWARE\u2122 m\u00e4rgistusega, mis kinnitab taaskasutatud materjalide ehtsat kasutamist. Taaskasutatud l\u00f5uend on v\u00e4rvimata ja seda kasutatakse toores kujul, ilma v\u00e4rvimise v\u00f5i pleegitamise kemikaalideta. 2% iga m\u00fc\u00fcdud Impacti toote [&hellip;]<\/p>\n","protected":false},"featured_media":30067,"template":"","meta":{"_acf_changed":false},"product_brand":[],"product_cat":[232,628],"product_tag":[659],"class_list":{"0":"post-30030","1":"product","2":"type-product","3":"status-publish","4":"has-post-thumbnail","6":"product_cat-kotid","7":"product_cat-kulmakott","8":"product_tag-more-colors","9":"pa_varv-hall","10":"pa_varv-must","11":"pa_varv-sinine","12":"pa_varv-valge-new","14":"first","15":"instock","16":"taxable","17":"shipping-taxable","18":"purchasable","19":"product-type-variable","20":"has-default-attributes"},"acf":[],"_links":{"self":[{"href":"https:\/\/fifaa.ee\/en\/wp-json\/wp\/v2\/product\/30030","targetHints":{"allow":["GET"]}}],"collection":[{"href":"https:\/\/fifaa.ee\/en\/wp-json\/wp\/v2\/product"}],"about":[{"href":"https:\/\/fifaa.ee\/en\/wp-json\/wp\/v2\/types\/product"}],"wp:featuredmedia":[{"embeddable":true,"href":"https:\/\/fifaa.ee\/en\/wp-json\/wp\/v2\/media\/30067"}],"wp:attachment":[{"href":"https:\/\/fifaa.ee\/en\/wp-json\/wp\/v2\/media?parent=30030"}],"wp:term":[{"taxonomy":"product_brand","embeddable":true,"href":"https:\/\/fifaa.ee\/en\/wp-json\/wp\/v2\/product_brand?post=30030"},{"taxonomy":"product_cat","embeddable":true,"href":"https:\/\/fifaa.ee\/en\/wp-json\/wp\/v2\/product_cat?post=30030"},{"taxonomy":"product_tag","embeddable":true,"href":"https:\/\/fifaa.ee\/en\/wp-json\/wp\/v2\/product_tag?post=30030"}],"curies":[{"name":"wp","href":"https:\/\/api.w.org\/{rel}","templated":true}]}}