{"id":30073,"date":"2025-01-28T16:05:50","date_gmt":"2025-01-28T14:05:50","guid":{"rendered":"https:\/\/fifaa.ee\/?post_type=product&#038;p=30073"},"modified":"2026-04-01T16:28:04","modified_gmt":"2026-04-01T13:28:04","slug":"iqlo-aware-rpet-2-in-1-kulmikkott","status":"publish","type":"product","link":"https:\/\/fifaa.ee\/en\/product\/iqlo-aware-rpet-2-in-1-kulmikkott\/","title":{"rendered":"Iqlo Aware\u2122 RPET 2-in-1 cooler tote"},"content":{"rendered":"<p>The Iqlo Aware\u2122 RPET 2-in-1 Cooler Tote is the perfect combination of practicality and sustainability. Made from 100% recycled RPET material and a durable PEVA lining, this stylish black tote is designed for everyday use. Its spacious zippered compartment is lined with breathable mesh fabric, while the exterior features an open sleeve pocket for easy access to essentials. This tote features two sturdy velcro handles for convenience, as well as a separate cooler compartment with a silver-gray PEVA lining, perfect for keeping food cool and fresh. Perfect for grocery shopping, picnics or beach trips, the cooler compartment is specifically designed to store food in a compartment, keeping your items organized and chilled. Made from recycled polyester with the AWARE\u2122 label. 2% donates a portion of the proceeds from every AWARE\u2122 product sold to Water.org. PVC Free<\/p>","protected":false},"excerpt":{"rendered":"<p>Iqlo Aware\u2122 RPET 2-in-1 Cooler Tote on ideaalne kombinatsioon praktilisusest ja j\u00e4tkusuutlikkusest. 100% taaskasutatud RPET materjalist ja vastupidava PEVA voodriga valmistatud stiilne must kott on m\u00f5eldud igap\u00e4evaseks kasutamiseks. Selle ruumikas t\u00f5mblukuga sahtel on vooderdatud hingava v\u00f5rkkangaga, samas kui v\u00e4lisk\u00fcljel on avatud varrukate tasku, mis pakub lihtsat juurdep\u00e4\u00e4su olulistele asjadele. Sellel kandikul on kaks tugevat takjakinnisega [&hellip;]<\/p>\n","protected":false},"featured_media":30090,"template":"","meta":{"_acf_changed":false},"product_brand":[],"product_cat":[232,628],"product_tag":[659],"class_list":{"0":"post-30073","1":"product","2":"type-product","3":"status-publish","4":"has-post-thumbnail","6":"product_cat-kotid","7":"product_cat-kulmakott","8":"product_tag-more-colors","9":"pa_varv-beez","10":"pa_varv-must","12":"first","13":"instock","14":"taxable","15":"shipping-taxable","16":"purchasable","17":"product-type-variable","18":"has-default-attributes"},"acf":[],"_links":{"self":[{"href":"https:\/\/fifaa.ee\/en\/wp-json\/wp\/v2\/product\/30073","targetHints":{"allow":["GET"]}}],"collection":[{"href":"https:\/\/fifaa.ee\/en\/wp-json\/wp\/v2\/product"}],"about":[{"href":"https:\/\/fifaa.ee\/en\/wp-json\/wp\/v2\/types\/product"}],"wp:featuredmedia":[{"embeddable":true,"href":"https:\/\/fifaa.ee\/en\/wp-json\/wp\/v2\/media\/30090"}],"wp:attachment":[{"href":"https:\/\/fifaa.ee\/en\/wp-json\/wp\/v2\/media?parent=30073"}],"wp:term":[{"taxonomy":"product_brand","embeddable":true,"href":"https:\/\/fifaa.ee\/en\/wp-json\/wp\/v2\/product_brand?post=30073"},{"taxonomy":"product_cat","embeddable":true,"href":"https:\/\/fifaa.ee\/en\/wp-json\/wp\/v2\/product_cat?post=30073"},{"taxonomy":"product_tag","embeddable":true,"href":"https:\/\/fifaa.ee\/en\/wp-json\/wp\/v2\/product_tag?post=30073"}],"curies":[{"name":"wp","href":"https:\/\/api.w.org\/{rel}","templated":true}]}}