{"id":30077,"date":"2025-01-28T16:05:50","date_gmt":"2025-01-28T14:05:50","guid":{"rendered":"https:\/\/fifaa.ee\/?post_type=product&#038;p=30077"},"modified":"2026-04-01T16:28:25","modified_gmt":"2026-04-01T13:28:25","slug":"sonny-aware-rpet-xl-kulmikkott","status":"publish","type":"product","link":"https:\/\/fifaa.ee\/en\/product\/sonny-aware-rpet-xl-kulmikkott\/","title":{"rendered":"Sonny Aware\u2122 RPET XL cooler tote"},"content":{"rendered":"<p>The Sonny Aware\u2122 RPET XL Cooler Bag is designed for those who need plenty of space and efficient cooling on the go. Made from 100% RPET material with a durable PEVA lining, the cooler is both functional and stylish. It features two sturdy webbing handles and an adjustable 140 cm shoulder strap for comfortable carrying. Front strap loops allow you to secure small items, while a front zippered pocket and rear mesh drink holder provide easy access to your essentials. The spacious main compartment is lined with silver gray PEVA, perfect for keeping your food and drinks cool and fresh. The bag is complemented by color-coordinated pockets, zippers and pulls for a sleek look. Made from recycled polyester with the AWARE\u2122 label. 2% of the proceeds from every AWARE\u2122 product sold is donated to Water.org. PVC Free\u201d<\/p>","protected":false},"excerpt":{"rendered":"<p>Sonny Aware\u2122 RPET XL jahutuskott on m\u00f5eldud neile, kes vajavad liikvel olles piisavalt ruumi ja t\u00f5husat jahutust. 100% RPET materjalist valmistatud vastupidava PEVA voodriga jahuti on nii funktsionaalne kui ka stiilne. Sellel on kaks tugevat lindiga k\u00e4epidet ja reguleeritav 140 cm \u00f5larihm mugavaks kandmiseks. Eesmised rihmaaasad v\u00f5imaldavad kinnitada v\u00e4ikseid esemeid, samas kui eesmine t\u00f5mblukuga tasku [&hellip;]<\/p>\n","protected":false},"featured_media":30108,"template":"","meta":{"_acf_changed":false},"product_brand":[],"product_cat":[232,628],"product_tag":[],"class_list":{"0":"post-30077","1":"product","2":"type-product","3":"status-publish","4":"has-post-thumbnail","6":"product_cat-kotid","7":"product_cat-kulmakott","8":"pa_varv-sinine","10":"first","11":"instock","12":"taxable","13":"shipping-taxable","14":"purchasable","15":"product-type-variable","16":"has-default-attributes"},"acf":[],"_links":{"self":[{"href":"https:\/\/fifaa.ee\/en\/wp-json\/wp\/v2\/product\/30077","targetHints":{"allow":["GET"]}}],"collection":[{"href":"https:\/\/fifaa.ee\/en\/wp-json\/wp\/v2\/product"}],"about":[{"href":"https:\/\/fifaa.ee\/en\/wp-json\/wp\/v2\/types\/product"}],"wp:featuredmedia":[{"embeddable":true,"href":"https:\/\/fifaa.ee\/en\/wp-json\/wp\/v2\/media\/30108"}],"wp:attachment":[{"href":"https:\/\/fifaa.ee\/en\/wp-json\/wp\/v2\/media?parent=30077"}],"wp:term":[{"taxonomy":"product_brand","embeddable":true,"href":"https:\/\/fifaa.ee\/en\/wp-json\/wp\/v2\/product_brand?post=30077"},{"taxonomy":"product_cat","embeddable":true,"href":"https:\/\/fifaa.ee\/en\/wp-json\/wp\/v2\/product_cat?post=30077"},{"taxonomy":"product_tag","embeddable":true,"href":"https:\/\/fifaa.ee\/en\/wp-json\/wp\/v2\/product_tag?post=30077"}],"curies":[{"name":"wp","href":"https:\/\/api.w.org\/{rel}","templated":true}]}}