{"id":30124,"date":"2025-01-28T16:06:11","date_gmt":"2025-01-28T14:06:11","guid":{"rendered":"https:\/\/fifaa.ee\/?post_type=product&#038;p=30124"},"modified":"2025-11-21T10:08:55","modified_gmt":"2025-11-21T08:08:55","slug":"kliki-lekkekindel-reisikruus","status":"publish","type":"product","link":"https:\/\/fifaa.ee\/en\/product\/kliki-lekkekindel-reisikruus\/","title":{"rendered":"Clik leak proof travel mug"},"content":{"rendered":"<p>Clik uses a smart 360-degree drink lid that can be opened and closed with a simple push. The double-walled mug holds 225 ml and has an integrated handle, making it leak-proof for travel with both hot and cold drinks. The mug is designed so that the stainless steel exterior is easy to remove for recycling, helping you invest in a cleaner world. BPA free and hand washable. Registered Design\u00ae<\/p>","protected":false},"excerpt":{"rendered":"<p>Clik kasutab nutikat 360-kraadist joogikaant, mida saab lihtsa vajutusega avada ja sulgeda. Topeltseinaga kruus mahutab 225 ml ja integreeritud k\u00e4epidemega muudab nii kuumade kui ka k\u00fclmade jookidega reisimise lekkekindlaks. Kruus on disainitud nii, et v\u00e4list roostevaba terast on lihtne taaskasutamiseks lahti v\u00f5tta ja see aitab teil investeerida puhtamasse maailma. BPA vaba ja sobib k\u00e4sipesuks. Registreeritud [&hellip;]<\/p>\n","protected":false},"featured_media":30144,"template":"","meta":{"_acf_changed":false},"product_brand":[],"product_cat":[566,599],"product_tag":[],"class_list":{"0":"post-30124","1":"product","2":"type-product","3":"status-publish","4":"has-post-thumbnail","6":"product_cat-jooginoud","7":"product_cat-tassid","8":"pa_varv-must","10":"first","11":"instock","12":"taxable","13":"shipping-taxable","14":"purchasable","15":"product-type-variable","16":"has-default-attributes"},"acf":[],"_links":{"self":[{"href":"https:\/\/fifaa.ee\/en\/wp-json\/wp\/v2\/product\/30124","targetHints":{"allow":["GET"]}}],"collection":[{"href":"https:\/\/fifaa.ee\/en\/wp-json\/wp\/v2\/product"}],"about":[{"href":"https:\/\/fifaa.ee\/en\/wp-json\/wp\/v2\/types\/product"}],"wp:featuredmedia":[{"embeddable":true,"href":"https:\/\/fifaa.ee\/en\/wp-json\/wp\/v2\/media\/30144"}],"wp:attachment":[{"href":"https:\/\/fifaa.ee\/en\/wp-json\/wp\/v2\/media?parent=30124"}],"wp:term":[{"taxonomy":"product_brand","embeddable":true,"href":"https:\/\/fifaa.ee\/en\/wp-json\/wp\/v2\/product_brand?post=30124"},{"taxonomy":"product_cat","embeddable":true,"href":"https:\/\/fifaa.ee\/en\/wp-json\/wp\/v2\/product_cat?post=30124"},{"taxonomy":"product_tag","embeddable":true,"href":"https:\/\/fifaa.ee\/en\/wp-json\/wp\/v2\/product_tag?post=30124"}],"curies":[{"name":"wp","href":"https:\/\/api.w.org\/{rel}","templated":true}]}}