{"id":30125,"date":"2025-01-28T16:06:11","date_gmt":"2025-01-28T14:06:11","guid":{"rendered":"https:\/\/fifaa.ee\/?post_type=product&#038;p=30125"},"modified":"2026-04-01T16:28:50","modified_gmt":"2026-04-01T13:28:50","slug":"lihtne-antimikroobne-kohvikumm","status":"publish","type":"product","link":"https:\/\/fifaa.ee\/en\/product\/lihtne-antimikroobne-kohvikumm\/","title":{"rendered":"Simplistic antimicrobial coffee tumbler"},"content":{"rendered":"<p>This simple stainless steel tumbler is not only aesthetically pleasing, but is also protected with Biomaster, an antimicrobial agent that provides a second line of defense against harmful bacteria. Both the body and lid are treated and it is in the product, not in the product, giving you lasting protection. This product has been tested for antimicrobial effectiveness according to ISO 22196. Biomaster does not affect the recyclability of the item. The product also contains Verimaster&#039;s unique marker, which is built into the material to prove that the item has been treated with Biomaster. With a sealable lid. Inner PP, outer stainless steel. Capacity 250 ml. BPA free.<\/p>","protected":false},"excerpt":{"rendered":"<p>See lihtsa disainiga roostevabast terasest trummel ei ole mitte ainult esteetiliselt ilus, vaid on kaitstud ka Biomasteriga, antimikroobse ainega, mis pakub teist kaitseliini kahjulike bakterite vastu. Nii keha kui ka kaas on t\u00f6\u00f6deldud ja see on tootes, mitte tootes, mis annab teile p\u00fcsiva kaitse. Seda toodet on antimikroobse t\u00f5hususe osas testitud vastavalt standardile ISO 22196. [&hellip;]<\/p>\n","protected":false},"featured_media":30146,"template":"","meta":{"_acf_changed":false},"product_brand":[],"product_cat":[566,599],"product_tag":[659],"class_list":{"0":"post-30125","1":"product","2":"type-product","3":"status-publish","4":"has-post-thumbnail","6":"product_cat-jooginoud","7":"product_cat-tassid","8":"product_tag-more-colors","9":"pa_varv-hall","10":"pa_varv-must","11":"pa_varv-sinine","12":"pa_varv-valge-new","14":"first","15":"instock","16":"taxable","17":"shipping-taxable","18":"purchasable","19":"product-type-variable","20":"has-default-attributes"},"acf":[],"_links":{"self":[{"href":"https:\/\/fifaa.ee\/en\/wp-json\/wp\/v2\/product\/30125","targetHints":{"allow":["GET"]}}],"collection":[{"href":"https:\/\/fifaa.ee\/en\/wp-json\/wp\/v2\/product"}],"about":[{"href":"https:\/\/fifaa.ee\/en\/wp-json\/wp\/v2\/types\/product"}],"wp:featuredmedia":[{"embeddable":true,"href":"https:\/\/fifaa.ee\/en\/wp-json\/wp\/v2\/media\/30146"}],"wp:attachment":[{"href":"https:\/\/fifaa.ee\/en\/wp-json\/wp\/v2\/media?parent=30125"}],"wp:term":[{"taxonomy":"product_brand","embeddable":true,"href":"https:\/\/fifaa.ee\/en\/wp-json\/wp\/v2\/product_brand?post=30125"},{"taxonomy":"product_cat","embeddable":true,"href":"https:\/\/fifaa.ee\/en\/wp-json\/wp\/v2\/product_cat?post=30125"},{"taxonomy":"product_tag","embeddable":true,"href":"https:\/\/fifaa.ee\/en\/wp-json\/wp\/v2\/product_tag?post=30125"}],"curies":[{"name":"wp","href":"https:\/\/api.w.org\/{rel}","templated":true}]}}