{"id":30169,"date":"2025-01-28T16:06:30","date_gmt":"2025-01-28T14:06:30","guid":{"rendered":"https:\/\/fifaa.ee\/?post_type=product&#038;p=30169"},"modified":"2026-04-01T16:29:11","modified_gmt":"2026-04-01T13:29:11","slug":"bogota-vaakumbambusest-kohvikruus","status":"publish","type":"product","link":"https:\/\/fifaa.ee\/en\/product\/bogota-vaakumbambusest-kohvikruus\/","title":{"rendered":"Bogota vacuum bamboo coffee mug"},"content":{"rendered":"<p>This perfect everyday mug is strong enough for hiking and smooth enough for the office. Bamboo provides a timeless look and comfortable grip. With 1-handed drinking and a lockable leak-proof lid. 304 stainless steel exterior and 201 stainless steel interior. With this vacuum-insulated mug, you can keep your drinks hot for up to 5 hours and cold for up to 15 hours. Contents: 450 ml. Registered Design\u00ae<\/p>","protected":false},"excerpt":{"rendered":"<p>See t\u00e4iuslik igap\u00e4evane kruus on piisavalt tugev matkamiseks ja piisavalt sile kontoris kasutamiseks. Bambus annab ajatu v\u00e4limuse ja mugava haarde. 1 k\u00e4ega joomise ja lukustatava lekkekindla kaanega. 304 roostevabast terasest v\u00e4lissein ja 201 roostevabast terasest sees. Selle vaakumisolatsiooniga kruusi abil saate hoida oma jooke kuumana kuni 5 tundi ja k\u00fclmana kuni 15 tundi. Sisu: 450 [&hellip;]<\/p>\n","protected":false},"featured_media":30182,"template":"","meta":{"_acf_changed":false},"product_brand":[],"product_cat":[566,599],"product_tag":[],"class_list":{"0":"post-30169","1":"product","2":"type-product","3":"status-publish","4":"has-post-thumbnail","6":"product_cat-jooginoud","7":"product_cat-tassid","8":"pa_varv-pruun","10":"first","11":"instock","12":"taxable","13":"shipping-taxable","14":"purchasable","15":"product-type-variable","16":"has-default-attributes"},"acf":[],"_links":{"self":[{"href":"https:\/\/fifaa.ee\/en\/wp-json\/wp\/v2\/product\/30169","targetHints":{"allow":["GET"]}}],"collection":[{"href":"https:\/\/fifaa.ee\/en\/wp-json\/wp\/v2\/product"}],"about":[{"href":"https:\/\/fifaa.ee\/en\/wp-json\/wp\/v2\/types\/product"}],"wp:featuredmedia":[{"embeddable":true,"href":"https:\/\/fifaa.ee\/en\/wp-json\/wp\/v2\/media\/30182"}],"wp:attachment":[{"href":"https:\/\/fifaa.ee\/en\/wp-json\/wp\/v2\/media?parent=30169"}],"wp:term":[{"taxonomy":"product_brand","embeddable":true,"href":"https:\/\/fifaa.ee\/en\/wp-json\/wp\/v2\/product_brand?post=30169"},{"taxonomy":"product_cat","embeddable":true,"href":"https:\/\/fifaa.ee\/en\/wp-json\/wp\/v2\/product_cat?post=30169"},{"taxonomy":"product_tag","embeddable":true,"href":"https:\/\/fifaa.ee\/en\/wp-json\/wp\/v2\/product_tag?post=30169"}],"curies":[{"name":"wp","href":"https:\/\/api.w.org\/{rel}","templated":true}]}}