{"id":30225,"date":"2025-01-28T16:06:58","date_gmt":"2025-01-28T14:06:58","guid":{"rendered":"https:\/\/fifaa.ee\/?post_type=product&#038;p=30225"},"modified":"2026-04-01T16:30:51","modified_gmt":"2026-04-01T13:30:51","slug":"korduvkasutatav-keeratava-kaanega-kohvitass-350ml","status":"publish","type":"product","link":"https:\/\/fifaa.ee\/en\/product\/korduvkasutatav-keeratava-kaanega-kohvitass-350ml\/","title":{"rendered":"Reusable Coffee cup with screw lid 350ml"},"content":{"rendered":"<p>Stop single-use! Bring your own cup and join the recycling revolution so you can do your part in a world free of single-use. These lightweight and durable cups are perfect for taking your coffee on the go. These cups are reusable and made from 100% recyclable friendly PP material. The cups have a screw-on lid and silicone sleeve. Approved for food safety up to 100 degrees Celsius. Dishwasher and microwave safe. Capacity: 350 ml.<\/p>","protected":false},"excerpt":{"rendered":"<p>L\u00f5petage \u00fchekordne kasutamine! Tooge oma tass ja liituge taaskasutusrevolutsiooniga, et saaksite anda oma panuse \u00fchekordselt kasutatavasse vabasse maailma. Need kerged ja vastupidavad tassid sobivad suurep\u00e4raselt kohvi kaasav\u00f5tmiseks liikvele. Need tassid on korduvkasutatavad ja valmistatud 100% taaskasutatavast s\u00f5bralikust PP materjalist. Tassidel on keeratav kaas ja silikoonh\u00fclss. 100 kraadi Celsiuse j\u00e4rgi toiduohutu heaks kiidetud. N\u00f5udepesumasinas ja mikrolaineahjus [&hellip;]<\/p>\n","protected":false},"featured_media":30257,"template":"","meta":{"_acf_changed":false},"product_brand":[],"product_cat":[566,599],"product_tag":[659],"class_list":{"0":"post-30225","1":"product","2":"type-product","3":"status-publish","4":"has-post-thumbnail","6":"product_cat-jooginoud","7":"product_cat-tassid","8":"product_tag-more-colors","9":"pa_varv-hall","10":"pa_varv-must","11":"pa_varv-sinine","12":"pa_varv-valge-new","14":"first","15":"instock","16":"taxable","17":"shipping-taxable","18":"purchasable","19":"product-type-variable","20":"has-default-attributes"},"acf":[],"_links":{"self":[{"href":"https:\/\/fifaa.ee\/en\/wp-json\/wp\/v2\/product\/30225","targetHints":{"allow":["GET"]}}],"collection":[{"href":"https:\/\/fifaa.ee\/en\/wp-json\/wp\/v2\/product"}],"about":[{"href":"https:\/\/fifaa.ee\/en\/wp-json\/wp\/v2\/types\/product"}],"wp:featuredmedia":[{"embeddable":true,"href":"https:\/\/fifaa.ee\/en\/wp-json\/wp\/v2\/media\/30257"}],"wp:attachment":[{"href":"https:\/\/fifaa.ee\/en\/wp-json\/wp\/v2\/media?parent=30225"}],"wp:term":[{"taxonomy":"product_brand","embeddable":true,"href":"https:\/\/fifaa.ee\/en\/wp-json\/wp\/v2\/product_brand?post=30225"},{"taxonomy":"product_cat","embeddable":true,"href":"https:\/\/fifaa.ee\/en\/wp-json\/wp\/v2\/product_cat?post=30225"},{"taxonomy":"product_tag","embeddable":true,"href":"https:\/\/fifaa.ee\/en\/wp-json\/wp\/v2\/product_tag?post=30225"}],"curies":[{"name":"wp","href":"https:\/\/api.w.org\/{rel}","templated":true}]}}